{"id":314,"date":"2023-11-12T22:28:54","date_gmt":"2023-11-12T22:28:54","guid":{"rendered":"https:\/\/christianeseebach.magisterwigbold.de\/?page_id=314"},"modified":"2024-11-24T16:04:35","modified_gmt":"2024-11-24T16:04:35","slug":"solo","status":"publish","type":"page","link":"https:\/\/christiane-seebach.de\/?page_id=314","title":{"rendered":"Solo"},"content":{"rendered":"<nav class=\"is-responsive wp-block-navigation is-layout-flex wp-block-navigation-is-layout-flex\" aria-label=\"Solo\" \n\t\t data-wp-interactive=\"core\/navigation\" data-wp-context='{\"overlayOpenedBy\":{\"click\":false,\"hover\":false,\"focus\":false},\"type\":\"overlay\",\"roleAttribute\":\"\",\"ariaLabel\":\"Men\\u00fc\"}'><button aria-haspopup=\"dialog\" aria-label=\"Men\u00fc \u00f6ffnen\" class=\"wp-block-navigation__responsive-container-open\" \n\t\t\t\tdata-wp-on--click=\"actions.openMenuOnClick\"\n\t\t\t\tdata-wp-on--keydown=\"actions.handleMenuKeydown\"\n\t\t\t><svg width=\"24\" height=\"24\" xmlns=\"http:\/\/www.w3.org\/2000\/svg\" viewBox=\"0 0 24 24\" aria-hidden=\"true\" focusable=\"false\"><path d=\"M4 7.5h16v1.5H4z\"><\/path><path d=\"M4 15h16v1.5H4z\"><\/path><\/svg><\/button>\n\t\t\t\t<div class=\"wp-block-navigation__responsive-container\"  id=\"modal-1\" \n\t\t\t\tdata-wp-class--has-modal-open=\"state.isMenuOpen\"\n\t\t\t\tdata-wp-class--is-menu-open=\"state.isMenuOpen\"\n\t\t\t\tdata-wp-watch=\"callbacks.initMenu\"\n\t\t\t\tdata-wp-on--keydown=\"actions.handleMenuKeydown\"\n\t\t\t\tdata-wp-on--focusout=\"actions.handleMenuFocusout\"\n\t\t\t\ttabindex=\"-1\"\n\t\t\t>\n\t\t\t\t\t<div class=\"wp-block-navigation__responsive-close\" tabindex=\"-1\">\n\t\t\t\t\t\t<div class=\"wp-block-navigation__responsive-dialog\" \n\t\t\t\tdata-wp-bind--aria-modal=\"state.ariaModal\"\n\t\t\t\tdata-wp-bind--aria-label=\"state.ariaLabel\"\n\t\t\t\tdata-wp-bind--role=\"state.roleAttribute\"\n\t\t\t>\n\t\t\t\t\t\t\t<button aria-label=\"Men\u00fc schlie\u00dfen\" class=\"wp-block-navigation__responsive-container-close\" \n\t\t\t\tdata-wp-on--click=\"actions.closeMenuOnClick\"\n\t\t\t><svg xmlns=\"http:\/\/www.w3.org\/2000\/svg\" viewBox=\"0 0 24 24\" width=\"24\" height=\"24\" aria-hidden=\"true\" focusable=\"false\"><path d=\"m13.06 12 6.47-6.47-1.06-1.06L12 10.94 5.53 4.47 4.47 5.53 10.94 12l-6.47 6.47 1.06 1.06L12 13.06l6.47 6.47 1.06-1.06L13.06 12Z\"><\/path><\/svg><\/button>\n\t\t\t\t\t\t\t<div class=\"wp-block-navigation__responsive-container-content\" \n\t\t\t\tdata-wp-watch=\"callbacks.focusFirstElement\"\n\t\t\t id=\"modal-1-content\">\n\t\t\t\t\t\t\t\t<ul class=\"wp-block-navigation__container is-responsive wp-block-navigation\"><li class=\" wp-block-navigation-item wp-block-navigation-link\"><a class=\"wp-block-navigation-item__content\"  href=\"https:\/\/christiane-seebach.de\/?page_id=306\"><span class=\"wp-block-navigation-item__label\">PdutiB<\/span><\/a><\/li><li class=\" wp-block-navigation-item wp-block-navigation-link\"><a class=\"wp-block-navigation-item__content\"  href=\"https:\/\/christiane-seebach.de\/?page_id=304\"><span class=\"wp-block-navigation-item__label\">Mittelalter<\/span><\/a><\/li><li class=\" wp-block-navigation-item wp-block-navigation-link\"><a class=\"wp-block-navigation-item__content\"  href=\"https:\/\/christiane-seebach.de\/?page_id=212\"><span class=\"wp-block-navigation-item__label\">Christell Gott<\/span><\/a><\/li><li class=\" wp-block-navigation-item wp-block-navigation-link\"><a class=\"wp-block-navigation-item__content\"  href=\"https:\/\/christiane-seebach.de\/?page_id=214\"><span class=\"wp-block-navigation-item__label\">Singer\/Songwriter<\/span><\/a><\/li><\/ul>\n\t\t\t\t\t\t\t<\/div>\n\t\t\t\t\t\t<\/div>\n\t\t\t\t\t<\/div>\n\t\t\t\t<\/div><\/nav>\n\n\n<p class=\"has-black-color has-text-color has-link-color wp-elements-9768c38fdaf4b594d7e2afddc24ab780\">Es ist wunderbar, Musik, Theater und Kunst gemeinsam aufzuf\u00fchren. Dieses Gef\u00fchl, wenn unser Gesamtkunstwerk gr\u00f6\u00dfer ist, als die Summe aller Beteiligten, ist einfach unbeschreiblich.<\/p>\n\n\n\n<p class=\"has-black-color has-text-color has-link-color wp-elements-cf0dd06fd15c92931188c7116ad8115c\">Doch hat es manchmal auch Vorteile, solistisch unterwegs zu sein. Ich kann meine Theaterst\u00fccke und Soloprogramme in verschiedenen Theatern und Kleinkunstb\u00fchnen des Landes auff\u00fchren und kann mir die Termine legen, wie es f\u00fcr mich am Besten passt. Es ist wirklich schwierig, besonders wenn viele Menschen am Projekt teilnehmen, einen gemeinsamen Termin und einen gemeinsamen Auftrittsort zu finden. Bei Tante Tofu ist das oft so. Unsere Rockoratorien und Theaterst\u00fccke gestalten manchmal bis zu 10 MusikerInnen und SchauspielerInnen mit.<\/p>\n","protected":false},"excerpt":{"rendered":"<p>Es ist wunderbar, Musik, Theater und Kunst gemeinsam aufzuf\u00fchren. Dieses Gef\u00fchl, wenn unser Gesamtkunstwerk gr\u00f6\u00dfer ist, als die Summe aller Beteiligten, ist einfach unbeschreiblich. Doch hat es manchmal auch Vorteile, solistisch unterwegs zu sein. Ich kann meine Theaterst\u00fccke und Soloprogramme in verschiedenen Theatern und Kleinkunstb\u00fchnen des Landes auff\u00fchren und kann mir die Termine legen, wie&hellip; <br \/> <a class=\"read-more\" href=\"https:\/\/christiane-seebach.de\/?page_id=314\">Weiterlesen<\/a><\/p>\n","protected":false},"author":1,"featured_media":344,"parent":118,"menu_order":0,"comment_status":"closed","ping_status":"closed","template":"","meta":{"footnotes":""},"class_list":["post-314","page","type-page","status-publish","has-post-thumbnail","hentry"],"_links":{"self":[{"href":"https:\/\/christiane-seebach.de\/index.php?rest_route=\/wp\/v2\/pages\/314","targetHints":{"allow":["GET"]}}],"collection":[{"href":"https:\/\/christiane-seebach.de\/index.php?rest_route=\/wp\/v2\/pages"}],"about":[{"href":"https:\/\/christiane-seebach.de\/index.php?rest_route=\/wp\/v2\/types\/page"}],"author":[{"embeddable":true,"href":"https:\/\/christiane-seebach.de\/index.php?rest_route=\/wp\/v2\/users\/1"}],"replies":[{"embeddable":true,"href":"https:\/\/christiane-seebach.de\/index.php?rest_route=%2Fwp%2Fv2%2Fcomments&post=314"}],"version-history":[{"count":3,"href":"https:\/\/christiane-seebach.de\/index.php?rest_route=\/wp\/v2\/pages\/314\/revisions"}],"predecessor-version":[{"id":634,"href":"https:\/\/christiane-seebach.de\/index.php?rest_route=\/wp\/v2\/pages\/314\/revisions\/634"}],"up":[{"embeddable":true,"href":"https:\/\/christiane-seebach.de\/index.php?rest_route=\/wp\/v2\/pages\/118"}],"wp:featuredmedia":[{"embeddable":true,"href":"https:\/\/christiane-seebach.de\/index.php?rest_route=\/wp\/v2\/media\/344"}],"wp:attachment":[{"href":"https:\/\/christiane-seebach.de\/index.php?rest_route=%2Fwp%2Fv2%2Fmedia&parent=314"}],"curies":[{"name":"wp","href":"https:\/\/api.w.org\/{rel}","templated":true}]}}