{"id":306,"date":"2023-11-12T22:22:42","date_gmt":"2023-11-12T22:22:42","guid":{"rendered":"https:\/\/christianeseebach.magisterwigbold.de\/?page_id=306"},"modified":"2024-11-24T16:33:47","modified_gmt":"2024-11-24T16:33:47","slug":"pdutib","status":"publish","type":"page","link":"https:\/\/christiane-seebach.de\/?page_id=306","title":{"rendered":"PdutiB"},"content":{"rendered":"\n<p class=\"has-black-color has-text-color has-link-color wp-elements-2098cb765cc0d635999e5a88715d2e55\">Ja, ich bin auch Chefin einer jungen aufstrebenden Partei &#8211; die Partei der unterdr\u00fcckten, trotzdem intelligenten Blondinen, kurz PdutiB. <\/p>\n\n\n\n<p class=\"has-black-color has-text-color has-link-color wp-elements-e0fd06afc7a9887cd86da67f67abb190\">Mein Parteiprogramm (aus Comedy, Kabarett und Musik, gespickt mit Theaterelementen) konnte ich erfolgreich auf B\u00fchnen in Hamburg, Essen und Halle auff\u00fchren. In Essen wurde ich entdeckt und zwar von Juts, einer Freundin von Gerburg Jahnke. Ich bekam den Kontakt vermittelt f\u00fcr das Pantheon-Theater zur Vorbereitung auf einen Auftritt in &#8222;Ladies Night&#8220;. Doch dann wurde ich schwer krank. Wenn man einmal drau\u00dfen ist, kommt man nicht wieder rein. Die Fernsehszene ist schnelllebig. Doch das ist nicht so schlimm, auch ich bin schnelllebig in meiner Kunst. Das eint mich \u00fcbrigens mit Stoni. Ein Programm wird 4-5x h\u00f6chstens aufgef\u00fchrt, dann wird schon wieder etwas Neues geschrieben.<\/p>\n\n\n<div class=\"wp-block-image\">\n<figure class=\"aligncenter size-full\"><img loading=\"lazy\" decoding=\"async\" width=\"204\" height=\"206\" src=\"https:\/\/christiane-seebach.de\/wp-content\/uploads\/2023\/11\/CD-1.jpg\" alt=\"\" class=\"wp-image-566\" srcset=\"https:\/\/christiane-seebach.de\/wp-content\/uploads\/2023\/11\/CD-1.jpg 204w, https:\/\/christiane-seebach.de\/wp-content\/uploads\/2023\/11\/CD-1-150x150.jpg 150w\" sizes=\"auto, (max-width: 204px) 100vw, 204px\" \/><\/figure>\n<\/div>\n\n\n<p class=\"has-black-color has-text-color has-link-color wp-elements-8d3137f327e497ddd2ea55fe5c3179b2\">Dies ist meine CD, aufgenommen im Studio vom wunderbaren Alexander Precht. Es gibt eine lustige Episode. In meinem (hoch wissenschaftlichen) Programm erl\u00e4utere ich, dass die Blondinen ihr Wasserstoffperoxid gespendet haben, damit das Leben auf der Erde entstehen kann. Dann erz\u00e4hle ich Blondinenwitze als wahre Begebenheiten. Zum Schluss sterben immer die Blondinen. Ganz nach Berthold Brecht gibt es eine Puppe, die statt meiner auf die B\u00fchne geworfen wird (vom Puppenbeauftragten). Ich bin nicht gut im Basteln, also schaute ich im Netz, wo ich eine Puppe herbekomme, die mir \u00e4hnlich sieht. Und siehe da: Gummipuppen.de unterst\u00fctzte damals k\u00fcnstlerische Projekte. Sie schickten mir eine aufblasbare Gratispuppe zu, die so aussah wie ich und die gleichen Sachen trug. Immer wenn ich &#8222;verreckt&#8220; gesagt habe, musste der Puppenbeauftragte die Puppe Pamela-Samantha auf die B\u00fchne werfen und der Schriftf\u00fchrer musste Strichliste f\u00fchren, wie viele Blondinen sterben mussten (nat\u00fcrlich waren es am Ende 42). <\/p>\n\n\n\n<p class=\"has-black-color has-text-color has-link-color wp-elements-8ca92670ceb84ea33cb26d5a582cb8e3\">Eine andere lustige Story gab es in Hamburg. Ich f\u00fchrte nur Teile meines Programms auf. Im Saal sa\u00dfen fast nur Rentner. Keiner von ihnen lachte und ich wollte schon aufgeben (gem\u00e4\u00df meines Lieblingsfilmes &#8222;Fame&#8220; nenne ich diesen Effekt den &#8222;Raoul Garcia-Effekt&#8220;). In der Pause gaben die K\u00fcnstler Autogramme. Alle St\u00e4nde waren leer, au\u00dfer meiner, da standen die \u00e4lteren Damen und Herren und wollten wissen, wo sie bei der Wahl am Sonntag ihr Kreuz machen sollten. Ich h\u00e4tte sie \u00fcberzeugt. Sie meinten das wirklich ernst! Im Nachgang finde ich \u00fcbrigens diese Story nicht ganz mehr so lustig, sondern sehr erschreckend. Wie schnell es geht, Menschen zu manipulieren.<\/p>\n\n\n\n<figure class=\"wp-block-embed is-type-video is-provider-youtube wp-block-embed-youtube wp-embed-aspect-16-9 wp-has-aspect-ratio\"><div class=\"wp-block-embed__wrapper\">\n<div class='embed-container'><iframe loading=\"lazy\" title=\"Christall (Christiane Seebach): &quot;Baby, ich hab zu viel m\u00e4nnliche Gene&quot;\" width=\"1920\" height=\"1080\" src=\"https:\/\/www.youtube.com\/embed\/NLbzt_q9MNs?feature=oembed\" frameborder=\"0\" allow=\"accelerometer; autoplay; clipboard-write; encrypted-media; gyroscope; picture-in-picture; web-share\" allowfullscreen><\/iframe><\/div>\n<\/div><\/figure>\n\n\n\n<figure class=\"wp-block-embed is-type-video is-provider-youtube wp-block-embed-youtube wp-embed-aspect-16-9 wp-has-aspect-ratio\"><div class=\"wp-block-embed__wrapper\">\n<div class='embed-container'><iframe loading=\"lazy\" title=\"Christall (Christiane Seebach) pr\u00e4sentiert: &quot;Das PDUTIB-Wahlkampflied&quot;\" width=\"1920\" height=\"1080\" src=\"https:\/\/www.youtube.com\/embed\/A_3ZoumOKHY?feature=oembed\" frameborder=\"0\" allow=\"accelerometer; autoplay; clipboard-write; encrypted-media; gyroscope; picture-in-picture; web-share\" allowfullscreen><\/iframe><\/div>\n<\/div><\/figure>\n\n\n\n<figure class=\"wp-block-embed is-type-video is-provider-youtube wp-block-embed-youtube wp-embed-aspect-16-9 wp-has-aspect-ratio\"><div class=\"wp-block-embed__wrapper\">\n<div class='embed-container'><iframe loading=\"lazy\" title=\"Christall (Christiane Seebach) - PDUTIB\" width=\"1920\" height=\"1080\" src=\"https:\/\/www.youtube.com\/embed\/T-l5w75ahzI?feature=oembed\" frameborder=\"0\" allow=\"accelerometer; autoplay; clipboard-write; encrypted-media; gyroscope; picture-in-picture; web-share\" allowfullscreen><\/iframe><\/div>\n<\/div><\/figure>\n","protected":false},"excerpt":{"rendered":"<p>Ja, ich bin auch Chefin einer jungen aufstrebenden Partei &#8211; die Partei der unterdr\u00fcckten, trotzdem intelligenten Blondinen, kurz PdutiB. Mein Parteiprogramm (aus Comedy, Kabarett und Musik, gespickt mit Theaterelementen) konnte ich erfolgreich auf B\u00fchnen in Hamburg, Essen und Halle auff\u00fchren. In Essen wurde ich entdeckt und zwar von Juts, einer Freundin von Gerburg Jahnke. Ich&hellip; <br \/> <a class=\"read-more\" href=\"https:\/\/christiane-seebach.de\/?page_id=306\">Weiterlesen<\/a><\/p>\n","protected":false},"author":1,"featured_media":564,"parent":314,"menu_order":0,"comment_status":"closed","ping_status":"closed","template":"","meta":{"footnotes":""},"class_list":["post-306","page","type-page","status-publish","has-post-thumbnail","hentry"],"_links":{"self":[{"href":"https:\/\/christiane-seebach.de\/index.php?rest_route=\/wp\/v2\/pages\/306","targetHints":{"allow":["GET"]}}],"collection":[{"href":"https:\/\/christiane-seebach.de\/index.php?rest_route=\/wp\/v2\/pages"}],"about":[{"href":"https:\/\/christiane-seebach.de\/index.php?rest_route=\/wp\/v2\/types\/page"}],"author":[{"embeddable":true,"href":"https:\/\/christiane-seebach.de\/index.php?rest_route=\/wp\/v2\/users\/1"}],"replies":[{"embeddable":true,"href":"https:\/\/christiane-seebach.de\/index.php?rest_route=%2Fwp%2Fv2%2Fcomments&post=306"}],"version-history":[{"count":3,"href":"https:\/\/christiane-seebach.de\/index.php?rest_route=\/wp\/v2\/pages\/306\/revisions"}],"predecessor-version":[{"id":660,"href":"https:\/\/christiane-seebach.de\/index.php?rest_route=\/wp\/v2\/pages\/306\/revisions\/660"}],"up":[{"embeddable":true,"href":"https:\/\/christiane-seebach.de\/index.php?rest_route=\/wp\/v2\/pages\/314"}],"wp:featuredmedia":[{"embeddable":true,"href":"https:\/\/christiane-seebach.de\/index.php?rest_route=\/wp\/v2\/media\/564"}],"wp:attachment":[{"href":"https:\/\/christiane-seebach.de\/index.php?rest_route=%2Fwp%2Fv2%2Fmedia&parent=306"}],"curies":[{"name":"wp","href":"https:\/\/api.w.org\/{rel}","templated":true}]}}