{"id":304,"date":"2023-11-12T22:21:51","date_gmt":"2023-11-12T22:21:51","guid":{"rendered":"https:\/\/christianeseebach.magisterwigbold.de\/?page_id=304"},"modified":"2024-11-24T16:32:46","modified_gmt":"2024-11-24T16:32:46","slug":"mittelalter","status":"publish","type":"page","link":"https:\/\/christiane-seebach.de\/?page_id=304","title":{"rendered":"Mittelalter"},"content":{"rendered":"\n<p class=\"has-black-color has-text-color has-link-color wp-elements-a29d940c159d32beb99b312ebfde28f6\">Ich mache seit Ewigkeiten mittelalterliche Musik, zuerst mit Orendel, dann folgten Calamus und Unvuhk. <\/p>\n\n\n\n<p class=\"has-black-color has-text-color has-link-color wp-elements-7750a8f87e20ad77de6f5bc5627ed77e\">Als ich f\u00fcr einen tollen Maler und Freund, welcher in den USA lebt, eine Vernissage gestalten sollte, entwickelte ich ein mittelalterliches Soloprogramm. Im Gro\u00dfen und Ganzen geht es da um einen Schreyn, der eine Zeitmaschine ist und mich aus dem 10. Jahrhundert in die Jetztzeit katapultiert hat. Deshalb habe ich nicht nur mittelalterliche Instrumente dabei, sondern auch einen Looper, da ich ihn in meiner Reise durch die Zeiten gefunden habe. <\/p>\n\n\n\n<p class=\"has-black-color has-text-color has-link-color wp-elements-e2978759b2618a7452b13b16b615efc9\">Mein abwechslungsreiches Programm besteht aus mittelalterlichen Balladen (begleitet mit Laute, Geyerleier oder Drehleier), Instrumentalst\u00fccken (mit Dudels\u00e4cken, Schalmeien und Fl\u00f6ten), Satzges\u00e4ngen mit dem Looper (z. B. &#8222;Tourdion, &#8222;Stella Splendenz&#8220;, &#8222;Mayenschein&#8220;), Geschichten und Gedichten (von Walther von der Vogelweide und Oswald von Wolkenstein). Das kam so gut an, dass ich einige weitere Auftritte folgten. <\/p>\n\n\n\n<p class=\"has-black-color has-text-color has-link-color wp-elements-0b41d6b674e457e448b1f1c1cb23345a\">Nun entwickle ich aus dem Ganzen ein Theaterst\u00fcck, denn Theater und Musik sind das Beste &#8211; finde ich!<\/p>\n\n\n<div class=\"wp-block-image\">\n<figure class=\"aligncenter size-large\"><img loading=\"lazy\" decoding=\"async\" width=\"768\" height=\"1024\" src=\"https:\/\/christiane-seebach.de\/wp-content\/uploads\/2023\/11\/Mittelalter1-2-768x1024.jpg\" alt=\"\" class=\"wp-image-493\" srcset=\"https:\/\/christiane-seebach.de\/wp-content\/uploads\/2023\/11\/Mittelalter1-2-768x1024.jpg 768w, https:\/\/christiane-seebach.de\/wp-content\/uploads\/2023\/11\/Mittelalter1-2-225x300.jpg 225w, https:\/\/christiane-seebach.de\/wp-content\/uploads\/2023\/11\/Mittelalter1-2-810x1080.jpg 810w, https:\/\/christiane-seebach.de\/wp-content\/uploads\/2023\/11\/Mittelalter1-2.jpg 1020w\" sizes=\"auto, (max-width: 768px) 100vw, 768px\" \/><figcaption class=\"wp-element-caption\">Ein Auftritt in der B\u00f6llberger Kirche in Halle\/Saale.<\/figcaption><\/figure>\n<\/div>","protected":false},"excerpt":{"rendered":"<p>Ich mache seit Ewigkeiten mittelalterliche Musik, zuerst mit Orendel, dann folgten Calamus und Unvuhk. Als ich f\u00fcr einen tollen Maler und Freund, welcher in den USA lebt, eine Vernissage gestalten sollte, entwickelte ich ein mittelalterliches Soloprogramm. Im Gro\u00dfen und Ganzen geht es da um einen Schreyn, der eine Zeitmaschine ist und mich aus dem 10.&hellip; <br \/> <a class=\"read-more\" href=\"https:\/\/christiane-seebach.de\/?page_id=304\">Weiterlesen<\/a><\/p>\n","protected":false},"author":1,"featured_media":491,"parent":314,"menu_order":0,"comment_status":"closed","ping_status":"closed","template":"","meta":{"footnotes":""},"class_list":["post-304","page","type-page","status-publish","has-post-thumbnail","hentry"],"_links":{"self":[{"href":"https:\/\/christiane-seebach.de\/index.php?rest_route=\/wp\/v2\/pages\/304","targetHints":{"allow":["GET"]}}],"collection":[{"href":"https:\/\/christiane-seebach.de\/index.php?rest_route=\/wp\/v2\/pages"}],"about":[{"href":"https:\/\/christiane-seebach.de\/index.php?rest_route=\/wp\/v2\/types\/page"}],"author":[{"embeddable":true,"href":"https:\/\/christiane-seebach.de\/index.php?rest_route=\/wp\/v2\/users\/1"}],"replies":[{"embeddable":true,"href":"https:\/\/christiane-seebach.de\/index.php?rest_route=%2Fwp%2Fv2%2Fcomments&post=304"}],"version-history":[{"count":4,"href":"https:\/\/christiane-seebach.de\/index.php?rest_route=\/wp\/v2\/pages\/304\/revisions"}],"predecessor-version":[{"id":659,"href":"https:\/\/christiane-seebach.de\/index.php?rest_route=\/wp\/v2\/pages\/304\/revisions\/659"}],"up":[{"embeddable":true,"href":"https:\/\/christiane-seebach.de\/index.php?rest_route=\/wp\/v2\/pages\/314"}],"wp:featuredmedia":[{"embeddable":true,"href":"https:\/\/christiane-seebach.de\/index.php?rest_route=\/wp\/v2\/media\/491"}],"wp:attachment":[{"href":"https:\/\/christiane-seebach.de\/index.php?rest_route=%2Fwp%2Fv2%2Fmedia&parent=304"}],"curies":[{"name":"wp","href":"https:\/\/api.w.org\/{rel}","templated":true}]}}