{"id":269,"date":"2023-11-12T21:55:43","date_gmt":"2023-11-12T21:55:43","guid":{"rendered":"https:\/\/christianeseebach.magisterwigbold.de\/?page_id=269"},"modified":"2024-11-24T16:44:23","modified_gmt":"2024-11-24T16:44:23","slug":"am-tag-als-bach-frank-zappa-traf","status":"publish","type":"page","link":"https:\/\/christiane-seebach.de\/?page_id=269","title":{"rendered":"Am Tag, Als Bach Frank Zappa Traf"},"content":{"rendered":"\n<p class=\"has-black-color has-text-color has-link-color wp-elements-6698735fd6adf387abef937b04415cc7\">Ein musikalisches Theaterst\u00fcck in 5 Akten von Christiane Seebach<br><\/p>\n\n\n\n<p class=\"has-black-color has-text-color has-link-color wp-elements-15d3fe1a6f8d7e75d391ca2afe7e074b\">Mit Tante Tofu schrieben Stoni und ich einige Rockoratorien, wobei sich Stoni eher auf Komposition und Arrangement der St\u00fccke konzentrierte und ich mich um das Theatralische, die GastmusikerInnen und -schauspielerInnen und den Chor. <\/p>\n\n\n\n<p class=\"has-black-color has-text-color has-link-color wp-elements-b53d9895f345b38ee3ff058ed859f65c\">Wir waren immer bei der Er\u00f6ffnungsveranstaltung der Zappanale &#8222;Zappa meets Bach&#8220; in der St. Katharienkirche, um festzustellen, dass Zappa nicht wirklich Bach traf. Das \u00e4nderte ich, als ich das Theaterst\u00fcck: &#8222;Am Tag, als Bach Frank Zappa traf&#8220; schrieb. Wir traten mit dem St\u00fcck in einigen Theatern und auf einer Freilichtb\u00fchne auf (L\u00fcbeck, Hamburg, Soltau) auf und nat\u00fcrlich auf der Zappanale. Es war \u00fcberall ein \u00fcberw\u00e4ltigender Erfolg. Es entstand sogar ein kleines B\u00fcchlein meines Theaterst\u00fccks.<\/p>\n\n\n<div class=\"wp-block-image\">\n<figure class=\"aligncenter size-large\"><img loading=\"lazy\" decoding=\"async\" width=\"1024\" height=\"768\" src=\"https:\/\/christiane-seebach.de\/wp-content\/uploads\/2023\/11\/Theater10-1024x768.jpg\" alt=\"\" class=\"wp-image-476\" srcset=\"https:\/\/christiane-seebach.de\/wp-content\/uploads\/2023\/11\/Theater10-1024x768.jpg 1024w, https:\/\/christiane-seebach.de\/wp-content\/uploads\/2023\/11\/Theater10-300x225.jpg 300w, https:\/\/christiane-seebach.de\/wp-content\/uploads\/2023\/11\/Theater10-768x576.jpg 768w, https:\/\/christiane-seebach.de\/wp-content\/uploads\/2023\/11\/Theater10-1536x1152.jpg 1536w, https:\/\/christiane-seebach.de\/wp-content\/uploads\/2023\/11\/Theater10-1440x1080.jpg 1440w, https:\/\/christiane-seebach.de\/wp-content\/uploads\/2023\/11\/Theater10.jpg 2048w\" sizes=\"auto, (max-width: 1024px) 100vw, 1024px\" \/><\/figure>\n<\/div>\n\n\n<p><br><\/p>\n\n\n<div class=\"wp-block-image\">\n<figure class=\"aligncenter size-full is-resized\"><img loading=\"lazy\" decoding=\"async\" width=\"306\" height=\"312\" src=\"https:\/\/christiane-seebach.de\/wp-content\/uploads\/2023\/11\/Theater3-1.jpg\" alt=\"\" class=\"wp-image-477\" style=\"width:564px;height:auto\" srcset=\"https:\/\/christiane-seebach.de\/wp-content\/uploads\/2023\/11\/Theater3-1.jpg 306w, https:\/\/christiane-seebach.de\/wp-content\/uploads\/2023\/11\/Theater3-1-294x300.jpg 294w\" sizes=\"auto, (max-width: 306px) 100vw, 306px\" \/><\/figure>\n<\/div>\n\n\n<p><\/p>\n\n\n\n<p class=\"has-black-color has-text-color has-link-color wp-elements-1e0af572d3896f02e617e0f8b8d7fb99\">Was w\u00e4re, wenn sich zwei der gr\u00f6\u00dften Musikgenies der Jahrhunderte doch einmal tr\u00e4fen \u2013 und sei es im Himmel? W\u00fcrde sich der hoch gl\u00e4ubige, liebenswerte Bach mit dem genialen, und doch so zerissenen Zappa verstehen? K\u00f6nnten sie gemeinsame Werke erschaffen? W\u00e4ren sie nach so langer Zeit, die zwischen ihrer beider Leben liegt, in der Lage, auf einen gemeinsamen musikalischen Nenner zu kommen? Und welche Rolle spielt der Teufel, welcher ganz nach Goethe des Pudels Kern zu sein scheint? Ja, Pudel, die waren auch f\u00fcr Zappa faszinierend&#8230;<\/p>\n\n\n\n<p class=\"has-text-align-left has-black-color has-text-color has-link-color wp-elements-ae8caacf37479e7bb25b1d467eeb636e\">In einem sehr informativen und musikalischen Theaterst\u00fcck erschaffen Christiane Seebach als Johann Sebastian Bach, Andreas Steinhardt als Frank Zappa und Christian Frerichs als Teufel eine h\u00f6chst experimentelle musikalische neue Welt. Ob das Experiment gelingen wird? Im Himmelsorchester spielen Boris Schegene Bass und Oliver Specht Schlagzeug und Percussion. Regie f\u00fchrt Lars Haberland.<\/p>\n\n\n\n<p class=\"has-black-color has-text-color has-link-color wp-elements-55cee3e0fc24b5c7b02cdc85a8bf01b1\">Das St\u00fcck ist auch f\u00fcr englischsprachiges Publikum geeignet. <\/p>\n\n\n<div class=\"wp-block-image\">\n<figure class=\"aligncenter size-full\"><img loading=\"lazy\" decoding=\"async\" width=\"927\" height=\"521\" src=\"https:\/\/christiane-seebach.de\/wp-content\/uploads\/2023\/11\/AmTAg.jpg\" alt=\"\" class=\"wp-image-479\" srcset=\"https:\/\/christiane-seebach.de\/wp-content\/uploads\/2023\/11\/AmTAg.jpg 927w, https:\/\/christiane-seebach.de\/wp-content\/uploads\/2023\/11\/AmTAg-300x169.jpg 300w, https:\/\/christiane-seebach.de\/wp-content\/uploads\/2023\/11\/AmTAg-768x432.jpg 768w\" sizes=\"auto, (max-width: 927px) 100vw, 927px\" \/><figcaption class=\"wp-element-caption\"><strong>Die Originalbetzung: Christian Frerichs (als grandioser Teufel), Arno Schegene und Oliver Specht (als fantastisches Himmelsorchester), Stoni (he is an actor, als Zappa) und ich als B\u00e4chin.<\/strong><\/figcaption><\/figure>\n<\/div>\n\n<div class=\"wp-block-image\">\n<figure class=\"aligncenter size-large\"><img loading=\"lazy\" decoding=\"async\" width=\"1024\" height=\"678\" src=\"https:\/\/christiane-seebach.de\/wp-content\/uploads\/2023\/11\/Theater6-1024x678.jpg\" alt=\"\" class=\"wp-image-478\" srcset=\"https:\/\/christiane-seebach.de\/wp-content\/uploads\/2023\/11\/Theater6-1024x678.jpg 1024w, https:\/\/christiane-seebach.de\/wp-content\/uploads\/2023\/11\/Theater6-300x199.jpg 300w, https:\/\/christiane-seebach.de\/wp-content\/uploads\/2023\/11\/Theater6-768x509.jpg 768w, https:\/\/christiane-seebach.de\/wp-content\/uploads\/2023\/11\/Theater6.jpg 1232w\" sizes=\"auto, (max-width: 1024px) 100vw, 1024px\" \/><figcaption class=\"wp-element-caption\"><strong>Auftritt in Soltau auf der Freilichtb\u00fchne.<\/strong><\/figcaption><\/figure>\n<\/div>\n\n<div class=\"wp-block-image\">\n<figure class=\"aligncenter size-large\"><img loading=\"lazy\" decoding=\"async\" width=\"1024\" height=\"768\" src=\"https:\/\/christiane-seebach.de\/wp-content\/uploads\/2023\/11\/Theater5-1024x768.jpg\" alt=\"\" class=\"wp-image-480\" srcset=\"https:\/\/christiane-seebach.de\/wp-content\/uploads\/2023\/11\/Theater5-1024x768.jpg 1024w, https:\/\/christiane-seebach.de\/wp-content\/uploads\/2023\/11\/Theater5-300x225.jpg 300w, https:\/\/christiane-seebach.de\/wp-content\/uploads\/2023\/11\/Theater5-768x576.jpg 768w, https:\/\/christiane-seebach.de\/wp-content\/uploads\/2023\/11\/Theater5-1536x1152.jpg 1536w, https:\/\/christiane-seebach.de\/wp-content\/uploads\/2023\/11\/Theater5-1440x1080.jpg 1440w, https:\/\/christiane-seebach.de\/wp-content\/uploads\/2023\/11\/Theater5.jpg 2048w\" sizes=\"auto, (max-width: 1024px) 100vw, 1024px\" \/><figcaption class=\"wp-element-caption\"><strong>Grandioser 10minutiger Applaus in Hamburg auf der Theaterb\u00fchne des BIB.<\/strong><\/figcaption><\/figure>\n<\/div>\n\n\n<p class=\"has-black-color has-text-color has-link-color wp-elements-e68748547f84830d0bf8ea9634d6bd82\">Ein Jahr sp\u00e4ter wurden wir erneut eingeladen, f\u00fcr die Zappanale zu spielen, allerdings in der Ausstellung und in Minimalbesetzung. In kurzer Zeit schrieb ich ein Zusatzst\u00fcck: &#8222;Am Tag, als Bach Frank Zappa traf &#8211; The hidden scene&#8220;. Unsere wunderbare Freundin Svenja Greier spielte den Teufel.<\/p>\n\n\n\n<figure class=\"wp-block-embed is-type-video is-provider-youtube wp-block-embed-youtube wp-embed-aspect-16-9 wp-has-aspect-ratio\"><div class=\"wp-block-embed__wrapper\">\n<div class='embed-container'><iframe loading=\"lazy\" title=\"Tante Tofu - Why does it hurt when I pee (Life at Zappanale Exhibition 2023)\" width=\"1920\" height=\"1080\" src=\"https:\/\/www.youtube.com\/embed\/YZKW3wrBEj0?feature=oembed\" frameborder=\"0\" allow=\"accelerometer; autoplay; clipboard-write; encrypted-media; gyroscope; picture-in-picture; web-share\" referrerpolicy=\"strict-origin-when-cross-origin\" allowfullscreen><\/iframe><\/div>\n<\/div><\/figure>\n\n\n\n<figure class=\"wp-block-embed is-type-video is-provider-youtube wp-block-embed-youtube wp-embed-aspect-16-9 wp-has-aspect-ratio\"><div class=\"wp-block-embed__wrapper\">\n<div class='embed-container'><iframe loading=\"lazy\" title=\"Tante Tofu - Magic Fingers (Life at the Zappanale Exhibition 2023)\" width=\"1920\" height=\"1080\" src=\"https:\/\/www.youtube.com\/embed\/xubJoGc23dE?feature=oembed\" frameborder=\"0\" allow=\"accelerometer; autoplay; clipboard-write; encrypted-media; gyroscope; picture-in-picture; web-share\" referrerpolicy=\"strict-origin-when-cross-origin\" allowfullscreen><\/iframe><\/div>\n<\/div><\/figure>\n\n\n\n<figure class=\"wp-block-embed is-type-video is-provider-youtube wp-block-embed-youtube wp-embed-aspect-16-9 wp-has-aspect-ratio\"><div class=\"wp-block-embed__wrapper\">\n<div class='embed-container'><iframe loading=\"lazy\" title=\"Tante Tofu - Zappa and Bach meet Mr. Green Genes (Live at Zappanale Exhibition 2023)\" width=\"1920\" height=\"1080\" src=\"https:\/\/www.youtube.com\/embed\/vSR02MhpbwI?feature=oembed\" frameborder=\"0\" allow=\"accelerometer; autoplay; clipboard-write; encrypted-media; gyroscope; picture-in-picture; web-share\" referrerpolicy=\"strict-origin-when-cross-origin\" allowfullscreen><\/iframe><\/div>\n<\/div><\/figure>\n","protected":false},"excerpt":{"rendered":"<p>Ein musikalisches Theaterst\u00fcck in 5 Akten von Christiane Seebach Mit Tante Tofu schrieben Stoni und ich einige Rockoratorien, wobei sich Stoni eher auf Komposition und Arrangement der St\u00fccke konzentrierte und ich mich um das Theatralische, die GastmusikerInnen und -schauspielerInnen und den Chor. Wir waren immer bei der Er\u00f6ffnungsveranstaltung der Zappanale &#8222;Zappa meets Bach&#8220; in der&hellip; <br \/> <a class=\"read-more\" href=\"https:\/\/christiane-seebach.de\/?page_id=269\">Weiterlesen<\/a><\/p>\n","protected":false},"author":1,"featured_media":22,"parent":192,"menu_order":0,"comment_status":"closed","ping_status":"closed","template":"","meta":{"footnotes":""},"class_list":["post-269","page","type-page","status-publish","has-post-thumbnail","hentry"],"_links":{"self":[{"href":"https:\/\/christiane-seebach.de\/index.php?rest_route=\/wp\/v2\/pages\/269","targetHints":{"allow":["GET"]}}],"collection":[{"href":"https:\/\/christiane-seebach.de\/index.php?rest_route=\/wp\/v2\/pages"}],"about":[{"href":"https:\/\/christiane-seebach.de\/index.php?rest_route=\/wp\/v2\/types\/page"}],"author":[{"embeddable":true,"href":"https:\/\/christiane-seebach.de\/index.php?rest_route=\/wp\/v2\/users\/1"}],"replies":[{"embeddable":true,"href":"https:\/\/christiane-seebach.de\/index.php?rest_route=%2Fwp%2Fv2%2Fcomments&post=269"}],"version-history":[{"count":9,"href":"https:\/\/christiane-seebach.de\/index.php?rest_route=\/wp\/v2\/pages\/269\/revisions"}],"predecessor-version":[{"id":669,"href":"https:\/\/christiane-seebach.de\/index.php?rest_route=\/wp\/v2\/pages\/269\/revisions\/669"}],"up":[{"embeddable":true,"href":"https:\/\/christiane-seebach.de\/index.php?rest_route=\/wp\/v2\/pages\/192"}],"wp:featuredmedia":[{"embeddable":true,"href":"https:\/\/christiane-seebach.de\/index.php?rest_route=\/wp\/v2\/media\/22"}],"wp:attachment":[{"href":"https:\/\/christiane-seebach.de\/index.php?rest_route=%2Fwp%2Fv2%2Fmedia&parent=269"}],"curies":[{"name":"wp","href":"https:\/\/api.w.org\/{rel}","templated":true}]}}