{"id":243,"date":"2023-11-12T21:34:00","date_gmt":"2023-11-12T21:34:00","guid":{"rendered":"https:\/\/christianeseebach.magisterwigbold.de\/?page_id=243"},"modified":"2023-11-24T22:01:55","modified_gmt":"2023-11-24T22:01:55","slug":"verstossenenchor","status":"publish","type":"page","link":"https:\/\/christiane-seebach.de\/?page_id=243","title":{"rendered":"Versto\u00dfenenchor"},"content":{"rendered":"\n<p>In meinem Leben habe ich bereits einige Ch\u00f6re geleitet und erfolgreich zu Auftritten gebracht. Ich kam dazu sozusagen wie die &#8222;Jungfrau zum Kinde&#8220;. Durch meine Sprachheilp\u00e4dagogik- und Stimmtherapieausbildung wei\u00df ich, wie wichtig Einsinge\u00fcbungen f\u00fcr die Stimmpflege und die Verbesserung des Stimmklanges ist. Ich konnte in den Jahren der Chorleitung viele Erfahrungen sammeln, was das Arrangieren und Dirigieren betrifft.<\/p>\n\n\n\n<p><\/p>\n\n\n\n<p>Der Name &#8222;Versto\u00dfenenchor&#8220; ist nur vor\u00fcbergehend. Doch er hat eine tiefere Bedeutung. Hier leite ich  ein paar grandiose S\u00e4ngerinnen und S\u00e4nger an. Und das Beste: Lars Haberland und ich beginnen, Chors\u00e4tze zu komponieren, einige wundervolle mehrstimmige Weihnachtslieder sind schon entstanden.<\/p>\n\n\n\n<p>Wir werden sehen, wohin die Reise geht. In K\u00fcrze werde ich hier erste Aufnahmen und Bilder posten. <\/p>\n","protected":false},"excerpt":{"rendered":"<p>In meinem Leben habe ich bereits einige Ch\u00f6re geleitet und erfolgreich zu Auftritten gebracht. Ich kam dazu sozusagen wie die &#8222;Jungfrau zum Kinde&#8220;. Durch meine Sprachheilp\u00e4dagogik- und Stimmtherapieausbildung wei\u00df ich, wie wichtig Einsinge\u00fcbungen f\u00fcr die Stimmpflege und die Verbesserung des Stimmklanges ist. Ich konnte in den Jahren der Chorleitung viele Erfahrungen sammeln, was das Arrangieren&hellip; <br \/> <a class=\"read-more\" href=\"https:\/\/christiane-seebach.de\/?page_id=243\">Weiterlesen<\/a><\/p>\n","protected":false},"author":1,"featured_media":421,"parent":241,"menu_order":0,"comment_status":"closed","ping_status":"closed","template":"","meta":{"footnotes":""},"class_list":["post-243","page","type-page","status-publish","has-post-thumbnail","hentry"],"_links":{"self":[{"href":"https:\/\/christiane-seebach.de\/index.php?rest_route=\/wp\/v2\/pages\/243","targetHints":{"allow":["GET"]}}],"collection":[{"href":"https:\/\/christiane-seebach.de\/index.php?rest_route=\/wp\/v2\/pages"}],"about":[{"href":"https:\/\/christiane-seebach.de\/index.php?rest_route=\/wp\/v2\/types\/page"}],"author":[{"embeddable":true,"href":"https:\/\/christiane-seebach.de\/index.php?rest_route=\/wp\/v2\/users\/1"}],"replies":[{"embeddable":true,"href":"https:\/\/christiane-seebach.de\/index.php?rest_route=%2Fwp%2Fv2%2Fcomments&post=243"}],"version-history":[{"count":4,"href":"https:\/\/christiane-seebach.de\/index.php?rest_route=\/wp\/v2\/pages\/243\/revisions"}],"predecessor-version":[{"id":518,"href":"https:\/\/christiane-seebach.de\/index.php?rest_route=\/wp\/v2\/pages\/243\/revisions\/518"}],"up":[{"embeddable":true,"href":"https:\/\/christiane-seebach.de\/index.php?rest_route=\/wp\/v2\/pages\/241"}],"wp:featuredmedia":[{"embeddable":true,"href":"https:\/\/christiane-seebach.de\/index.php?rest_route=\/wp\/v2\/media\/421"}],"wp:attachment":[{"href":"https:\/\/christiane-seebach.de\/index.php?rest_route=%2Fwp%2Fv2%2Fmedia&parent=243"}],"curies":[{"name":"wp","href":"https:\/\/api.w.org\/{rel}","templated":true}]}}