{"id":237,"date":"2023-11-12T21:29:28","date_gmt":"2023-11-12T21:29:28","guid":{"rendered":"https:\/\/christianeseebach.magisterwigbold.de\/?page_id=237"},"modified":"2024-11-24T16:37:05","modified_gmt":"2024-11-24T16:37:05","slug":"adoramus","status":"publish","type":"page","link":"https:\/\/christiane-seebach.de\/?page_id=237","title":{"rendered":"Adoramus"},"content":{"rendered":"\n<p class=\"has-black-color has-text-color has-link-color wp-elements-177d9cbc316d473c260aa0e2b8a9d542\">Adoramus ist eines meiner absoluten Highlights. Gegr\u00fcndet habe ich diesen Chor vor vielen Jahren als 4-5stimmiges Vokalensemble in wechselnder Besetzung f\u00fcr Weihnachtskonzerte. Wir traten in Abendkleidern und Anz\u00fcgen auf, erz\u00e4hlten mit angez\u00fcndeten Kerzen die Weihnachtsgeschichte und sangen herrliche Chor\u00e4le und spielten Instrumentalkonzerte auf Geigen und Fl\u00f6ten, von Barock (z. B. Bach, Corelli) bis hin zur Neuzeit. Und mitten in der festlichen Stimmung holten wir Dudels\u00e4cke, Geigen, Landsknechtstrommel, Drehleier und Schalmei raus. Die Weihnachtslieder sangen wir abwechselnd mit dem Publikum. In Kirchen begleitete uns unser Bassist auf der Orgel, sonst auf dem Fl\u00fcgel. Jeder Auftritt mit Adoramus war ein riesiger Erfolg.<\/p>\n\n\n<div class=\"wp-block-image\">\n<figure class=\"aligncenter size-full is-resized\"><img loading=\"lazy\" decoding=\"async\" width=\"370\" height=\"588\" src=\"https:\/\/christiane-seebach.de\/wp-content\/uploads\/2023\/11\/Klassik1-1.jpg\" alt=\"\" class=\"wp-image-486\" style=\"width:520px;height:auto\" srcset=\"https:\/\/christiane-seebach.de\/wp-content\/uploads\/2023\/11\/Klassik1-1.jpg 370w, https:\/\/christiane-seebach.de\/wp-content\/uploads\/2023\/11\/Klassik1-1-189x300.jpg 189w\" sizes=\"auto, (max-width: 370px) 100vw, 370px\" \/><\/figure>\n<\/div>\n\n\n<p><br><\/p>\n\n\n\n<p class=\"has-black-color has-text-color has-link-color wp-elements-b8609bfe8d7225e5e6ee5f4f58a272f1\">Auftritte hatten wir in Schl\u00f6ssern (z. B. Wasserschloss Bonau, Schloss Neuenburg, Schloss Naumburg), in Krankenh\u00e4usern und Altersheimen und nat\u00fcrlich in Kirchen (z. B. B\u00f6llberger und W\u00f6rmlitzer Kirche in Halle\/S., Holleber Kirche). Wir spielten in wechselnder Besetzung. Einige Mitglieder waren: Andreas Reich (Tenor, Violine), Malte Georgi (Bass, Klavier, Landsknechtstrommel), Lars Haberland (Bariton, Kirchenorgel, Landsknechtstrommel), Katrin Peter (Sopran, H\u00fcmmelchen), Jana Herzfeld (Mezzosopran, Querfl\u00f6te), Tobias Herzfeld (Tenor, Geige).<\/p>\n\n\n\n<p class=\"has-black-color has-text-color has-link-color wp-elements-5815a9016d9d9946d280d665adfe44dd\">Adoramus ist gerade auf Eis gelegt, da meine S\u00e4ngerInnen leider zu weit weg wohnen, in Halle, Leipzig und Dresden. Doch mein gr\u00f6\u00dfter Wunsch ist es, diesen wunderbaren Chor wieder zum Leben zu erwecken. Wer also in der N\u00e4he wohnt und solistisch klassisch singen kann, darf sich gern bei mir melden.<\/p>\n","protected":false},"excerpt":{"rendered":"<p>Adoramus ist eines meiner absoluten Highlights. Gegr\u00fcndet habe ich diesen Chor vor vielen Jahren als 4-5stimmiges Vokalensemble in wechselnder Besetzung f\u00fcr Weihnachtskonzerte. Wir traten in Abendkleidern und Anz\u00fcgen auf, erz\u00e4hlten mit angez\u00fcndeten Kerzen die Weihnachtsgeschichte und sangen herrliche Chor\u00e4le und spielten Instrumentalkonzerte auf Geigen und Fl\u00f6ten, von Barock (z. B. Bach, Corelli) bis hin zur&hellip; <br \/> <a class=\"read-more\" href=\"https:\/\/christiane-seebach.de\/?page_id=237\">Weiterlesen<\/a><\/p>\n","protected":false},"author":1,"featured_media":445,"parent":241,"menu_order":0,"comment_status":"closed","ping_status":"closed","template":"","meta":{"footnotes":""},"class_list":["post-237","page","type-page","status-publish","has-post-thumbnail","hentry"],"_links":{"self":[{"href":"https:\/\/christiane-seebach.de\/index.php?rest_route=\/wp\/v2\/pages\/237","targetHints":{"allow":["GET"]}}],"collection":[{"href":"https:\/\/christiane-seebach.de\/index.php?rest_route=\/wp\/v2\/pages"}],"about":[{"href":"https:\/\/christiane-seebach.de\/index.php?rest_route=\/wp\/v2\/types\/page"}],"author":[{"embeddable":true,"href":"https:\/\/christiane-seebach.de\/index.php?rest_route=\/wp\/v2\/users\/1"}],"replies":[{"embeddable":true,"href":"https:\/\/christiane-seebach.de\/index.php?rest_route=%2Fwp%2Fv2%2Fcomments&post=237"}],"version-history":[{"count":9,"href":"https:\/\/christiane-seebach.de\/index.php?rest_route=\/wp\/v2\/pages\/237\/revisions"}],"predecessor-version":[{"id":664,"href":"https:\/\/christiane-seebach.de\/index.php?rest_route=\/wp\/v2\/pages\/237\/revisions\/664"}],"up":[{"embeddable":true,"href":"https:\/\/christiane-seebach.de\/index.php?rest_route=\/wp\/v2\/pages\/241"}],"wp:featuredmedia":[{"embeddable":true,"href":"https:\/\/christiane-seebach.de\/index.php?rest_route=\/wp\/v2\/media\/445"}],"wp:attachment":[{"href":"https:\/\/christiane-seebach.de\/index.php?rest_route=%2Fwp%2Fv2%2Fmedia&parent=237"}],"curies":[{"name":"wp","href":"https:\/\/api.w.org\/{rel}","templated":true}]}}