{"id":214,"date":"2023-11-12T20:22:38","date_gmt":"2023-11-12T20:22:38","guid":{"rendered":"https:\/\/christianeseebach.magisterwigbold.de\/?page_id=214"},"modified":"2024-11-24T16:26:45","modified_gmt":"2024-11-24T16:26:45","slug":"singer-songwriter","status":"publish","type":"page","link":"https:\/\/christiane-seebach.de\/?page_id=214","title":{"rendered":"Singer\/Songwriter"},"content":{"rendered":"\n<p class=\"has-black-color has-text-color has-link-color wp-elements-407c0a4325e9ac6df54537edb77966a3\">Eigene Songs schreibe ich schon sehr lange. Allerdings bin ich nie damit in die \u00d6ffentlichkeit gegangen. Das \u00e4nderte sich, als mich Armin Sengbusch, dem ich ein Lied auf einer Fete vorspielte, zur &#8222;Gema nach Hause-Show&#8220; einlud. Es folgten etliche Auftritte, auf Festivals (z. B. beim Stra\u00dfenmusikfestival in Rendsburg, beim Umsonst-und Drau\u00dfen-Festival in Hamburg), auf Theaterb\u00fchnen (z. B. bei den &#8222;Feuerbr\u00fcdern&#8220; in Hamburg mit Carsten Pape, Armin Sengbusch und Viktor Hacker, im BIB in Hamburg, im Theater &#8222;Halbe Treppe&#8220; in Essen) und auf Kleinkunstb\u00fchnen (z. B. im Weinkeller in Halle\/Saale), auch in einigen Kirchen gab ich schon Konzerte. <\/p>\n\n\n<div class=\"wp-block-image\">\n<figure class=\"aligncenter size-full is-resized\"><img loading=\"lazy\" decoding=\"async\" width=\"330\" height=\"294\" src=\"https:\/\/christiane-seebach.de\/wp-content\/uploads\/2023\/11\/Christiane2-1.jpg\" alt=\"Christiane spielt im Theater Gitarre\" class=\"wp-image-344\" style=\"width:626px;height:auto\" srcset=\"https:\/\/christiane-seebach.de\/wp-content\/uploads\/2023\/11\/Christiane2-1.jpg 330w, https:\/\/christiane-seebach.de\/wp-content\/uploads\/2023\/11\/Christiane2-1-300x267.jpg 300w\" sizes=\"auto, (max-width: 330px) 100vw, 330px\" \/><figcaption class=\"wp-element-caption\"><strong>Mein Auftritt im Theater &#8222;Halbe Treppe in Essen.<\/strong><\/figcaption><\/figure>\n<\/div>\n\n<div class=\"wp-block-image\">\n<figure class=\"aligncenter size-full\"><img loading=\"lazy\" decoding=\"async\" width=\"484\" height=\"645\" src=\"https:\/\/christiane-seebach.de\/wp-content\/uploads\/2023\/11\/Saxophonklein.jpg\" alt=\"\" class=\"wp-image-559\" srcset=\"https:\/\/christiane-seebach.de\/wp-content\/uploads\/2023\/11\/Saxophonklein.jpg 484w, https:\/\/christiane-seebach.de\/wp-content\/uploads\/2023\/11\/Saxophonklein-225x300.jpg 225w\" sizes=\"auto, (max-width: 484px) 100vw, 484px\" \/><figcaption class=\"wp-element-caption\"><strong>Beim Saxophonspiel \u00fcben in Hamburg.<\/strong><\/figcaption><\/figure>\n<\/div>\n\n\n<p class=\"has-black-color has-text-color has-link-color wp-elements-8ebfdf823c7fbcfe6ea1cc0a610d9b52\"> Es ist eine CD entstanden und eine weitere ist gerade in Produktion.<\/p>\n\n\n<div class=\"wp-block-image\">\n<figure class=\"aligncenter size-full is-resized\"><img loading=\"lazy\" decoding=\"async\" width=\"204\" height=\"206\" src=\"https:\/\/christiane-seebach.de\/wp-content\/uploads\/2023\/11\/CD.jpg\" alt=\"\" class=\"wp-image-560\" style=\"width:446px;height:auto\" srcset=\"https:\/\/christiane-seebach.de\/wp-content\/uploads\/2023\/11\/CD.jpg 204w, https:\/\/christiane-seebach.de\/wp-content\/uploads\/2023\/11\/CD-150x150.jpg 150w\" sizes=\"auto, (max-width: 204px) 100vw, 204px\" \/><figcaption class=\"wp-element-caption\"><strong>Meine CD &#8222;H<sub>2<\/sub>O<sub>2<\/sub>&#8222;<\/strong><\/figcaption><\/figure>\n<\/div>\n\n\n<figure class=\"wp-block-embed aligncenter is-type-video is-provider-youtube wp-block-embed-youtube wp-embed-aspect-16-9 wp-has-aspect-ratio\"><div class=\"wp-block-embed__wrapper\">\n<div class='embed-container'><iframe loading=\"lazy\" title=\"Christiane Seebach: \u201eDeine H\u00e4nde\u201c\" width=\"1920\" height=\"1080\" src=\"https:\/\/www.youtube.com\/embed\/0dlQNF1OWqU?feature=oembed\" frameborder=\"0\" allow=\"accelerometer; autoplay; clipboard-write; encrypted-media; gyroscope; picture-in-picture; web-share\" referrerpolicy=\"strict-origin-when-cross-origin\" allowfullscreen><\/iframe><\/div>\n<\/div><\/figure>\n\n\n\n<figure class=\"wp-block-embed is-type-video is-provider-youtube wp-block-embed-youtube wp-embed-aspect-16-9 wp-has-aspect-ratio\"><div class=\"wp-block-embed__wrapper\">\n<div class='embed-container'><iframe loading=\"lazy\" title=\"Christiane Seebach (Christall): &quot;Hinter Meiner Wand&quot;\" width=\"1920\" height=\"1080\" src=\"https:\/\/www.youtube.com\/embed\/xQSEwqzZXj0?feature=oembed\" frameborder=\"0\" allow=\"accelerometer; autoplay; clipboard-write; encrypted-media; gyroscope; picture-in-picture; web-share\" referrerpolicy=\"strict-origin-when-cross-origin\" allowfullscreen><\/iframe><\/div>\n<\/div><figcaption class=\"wp-element-caption\"><strong>Das Lied &#8222;Hinter meiner Wand&#8220; geh\u00f6rt auch eher zu meinen traurigen Liedern. Ich wollte etwas Minimalistisches mit dem Klavier ausprobieren.<\/strong><\/figcaption><\/figure>\n\n\n\n<figure class=\"wp-block-embed aligncenter is-type-video is-provider-youtube wp-block-embed-youtube wp-embed-aspect-16-9 wp-has-aspect-ratio\"><div class=\"wp-block-embed__wrapper\">\n<div class='embed-container'><iframe loading=\"lazy\" title=\"Christall (Christiane Seebach) &quot;Saugreflex&quot; Altona macht auf! 2014 HD\" width=\"1920\" height=\"1080\" src=\"https:\/\/www.youtube.com\/embed\/__IisW-N5oI?feature=oembed\" frameborder=\"0\" allow=\"accelerometer; autoplay; clipboard-write; encrypted-media; gyroscope; picture-in-picture; web-share\" referrerpolicy=\"strict-origin-when-cross-origin\" allowfullscreen><\/iframe><\/div>\n<\/div><figcaption class=\"wp-element-caption\"><strong>&#8222;Saugreflex&#8220;, gesungen in Stonis Fenster bei &#8222;Altona macht auf&#8220;.<\/strong><\/figcaption><\/figure>\n","protected":false},"excerpt":{"rendered":"<p>Eigene Songs schreibe ich schon sehr lange. Allerdings bin ich nie damit in die \u00d6ffentlichkeit gegangen. Das \u00e4nderte sich, als mich Armin Sengbusch, dem ich ein Lied auf einer Fete vorspielte, zur &#8222;Gema nach Hause-Show&#8220; einlud. Es folgten etliche Auftritte, auf Festivals (z. B. beim Stra\u00dfenmusikfestival in Rendsburg, beim Umsonst-und Drau\u00dfen-Festival in Hamburg), auf Theaterb\u00fchnen&hellip; <br \/> <a class=\"read-more\" href=\"https:\/\/christiane-seebach.de\/?page_id=214\">Weiterlesen<\/a><\/p>\n","protected":false},"author":1,"featured_media":42,"parent":314,"menu_order":0,"comment_status":"closed","ping_status":"closed","template":"","meta":{"footnotes":""},"class_list":["post-214","page","type-page","status-publish","has-post-thumbnail","hentry"],"_links":{"self":[{"href":"https:\/\/christiane-seebach.de\/index.php?rest_route=\/wp\/v2\/pages\/214","targetHints":{"allow":["GET"]}}],"collection":[{"href":"https:\/\/christiane-seebach.de\/index.php?rest_route=\/wp\/v2\/pages"}],"about":[{"href":"https:\/\/christiane-seebach.de\/index.php?rest_route=\/wp\/v2\/types\/page"}],"author":[{"embeddable":true,"href":"https:\/\/christiane-seebach.de\/index.php?rest_route=\/wp\/v2\/users\/1"}],"replies":[{"embeddable":true,"href":"https:\/\/christiane-seebach.de\/index.php?rest_route=%2Fwp%2Fv2%2Fcomments&post=214"}],"version-history":[{"count":11,"href":"https:\/\/christiane-seebach.de\/index.php?rest_route=\/wp\/v2\/pages\/214\/revisions"}],"predecessor-version":[{"id":654,"href":"https:\/\/christiane-seebach.de\/index.php?rest_route=\/wp\/v2\/pages\/214\/revisions\/654"}],"up":[{"embeddable":true,"href":"https:\/\/christiane-seebach.de\/index.php?rest_route=\/wp\/v2\/pages\/314"}],"wp:featuredmedia":[{"embeddable":true,"href":"https:\/\/christiane-seebach.de\/index.php?rest_route=\/wp\/v2\/media\/42"}],"wp:attachment":[{"href":"https:\/\/christiane-seebach.de\/index.php?rest_route=%2Fwp%2Fv2%2Fmedia&parent=214"}],"curies":[{"name":"wp","href":"https:\/\/api.w.org\/{rel}","templated":true}]}}