{"id":212,"date":"2023-11-12T20:21:48","date_gmt":"2023-11-12T20:21:48","guid":{"rendered":"https:\/\/christianeseebach.magisterwigbold.de\/?page_id=212"},"modified":"2024-11-24T16:30:16","modified_gmt":"2024-11-24T16:30:16","slug":"christell-gott","status":"publish","type":"page","link":"https:\/\/christiane-seebach.de\/?page_id=212","title":{"rendered":"Christell Gott"},"content":{"rendered":"\n<p class=\"has-black-color has-text-color has-link-color wp-elements-5fce46cf999bd774b999ebe135e13337\">Christell Gott, meine dunkle H\u00e4lfte, macht Volksmusik. Das liegt daran, dass ich als Kind bei meinen Lieblingsverwandten st\u00e4ndig Schlager und Volksmusik h\u00f6ren musste. Das konnte ich nat\u00fcrlich nur heilen, indem ich Christell Gott erschuf. <\/p>\n\n\n<div class=\"wp-block-image\">\n<figure class=\"aligncenter size-large\"><img loading=\"lazy\" decoding=\"async\" width=\"678\" height=\"1024\" src=\"https:\/\/christiane-seebach.de\/wp-content\/uploads\/2023\/11\/ChristellGott1-678x1024.jpg\" alt=\"Christell Gott, die Schlagerk\u00f6nigin\" class=\"wp-image-339\" srcset=\"https:\/\/christiane-seebach.de\/wp-content\/uploads\/2023\/11\/ChristellGott1-678x1024.jpg 678w, https:\/\/christiane-seebach.de\/wp-content\/uploads\/2023\/11\/ChristellGott1-199x300.jpg 199w, https:\/\/christiane-seebach.de\/wp-content\/uploads\/2023\/11\/ChristellGott1-768x1160.jpg 768w, https:\/\/christiane-seebach.de\/wp-content\/uploads\/2023\/11\/ChristellGott1-1017x1536.jpg 1017w, https:\/\/christiane-seebach.de\/wp-content\/uploads\/2023\/11\/ChristellGott1-1024x1547.jpg 1024w, https:\/\/christiane-seebach.de\/wp-content\/uploads\/2023\/11\/ChristellGott1-715x1080.jpg 715w, https:\/\/christiane-seebach.de\/wp-content\/uploads\/2023\/11\/ChristellGott1.jpg 1356w\" sizes=\"auto, (max-width: 678px) 100vw, 678px\" \/><\/figure>\n<\/div>\n\n\n<p><br><br><\/p>\n\n\n\n<figure class=\"wp-block-embed aligncenter is-type-video is-provider-youtube wp-block-embed-youtube wp-embed-aspect-16-9 wp-has-aspect-ratio\"><div class=\"wp-block-embed__wrapper\">\n<div class='embed-container'><iframe loading=\"lazy\" title=\"Volksmusik - Parodie: Christell Gott &quot;Wahre Liebe&quot;\" width=\"1920\" height=\"1080\" src=\"https:\/\/www.youtube.com\/embed\/kMnOansC6qE?feature=oembed\" frameborder=\"0\" allow=\"accelerometer; autoplay; clipboard-write; encrypted-media; gyroscope; picture-in-picture; web-share\" allowfullscreen><\/iframe><\/div>\n<\/div><figcaption class=\"wp-element-caption\">Dies ist Christell Gotts fantastisches Lied &#8222;Wahre Liebe&#8220;. Da kommt nichts dr\u00fcber. Holladiho.<\/figcaption><\/figure>\n\n\n\n<p class=\"has-black-color has-text-color has-link-color wp-elements-49c6027d0520981263030ae3e99c92d4\"><br><br><\/p>\n\n\n\n<figure class=\"wp-block-embed aligncenter is-type-video is-provider-youtube wp-block-embed-youtube wp-embed-aspect-16-9 wp-has-aspect-ratio\"><div class=\"wp-block-embed__wrapper\">\n<div class='embed-container'><iframe loading=\"lazy\" title=\"Christell Gott: &quot;Der gesungene Blondinenwitz&quot;\" width=\"1920\" height=\"1080\" src=\"https:\/\/www.youtube.com\/embed\/FjfFNNY7A44?feature=oembed\" frameborder=\"0\" allow=\"accelerometer; autoplay; clipboard-write; encrypted-media; gyroscope; picture-in-picture; web-share\" allowfullscreen><\/iframe><\/div>\n<\/div><figcaption class=\"wp-element-caption\">Blondinenwitze gehen immer und dann noch von Christell Gott gesungen. Besser geht es nicht.<\/figcaption><\/figure>\n\n\n\n<p><\/p>\n","protected":false},"excerpt":{"rendered":"<p>Christell Gott, meine dunkle H\u00e4lfte, macht Volksmusik. Das liegt daran, dass ich als Kind bei meinen Lieblingsverwandten st\u00e4ndig Schlager und Volksmusik h\u00f6ren musste. Das konnte ich nat\u00fcrlich nur heilen, indem ich Christell Gott erschuf.<\/p>\n","protected":false},"author":1,"featured_media":458,"parent":314,"menu_order":0,"comment_status":"closed","ping_status":"closed","template":"","meta":{"footnotes":""},"class_list":["post-212","page","type-page","status-publish","has-post-thumbnail","hentry"],"_links":{"self":[{"href":"https:\/\/christiane-seebach.de\/index.php?rest_route=\/wp\/v2\/pages\/212","targetHints":{"allow":["GET"]}}],"collection":[{"href":"https:\/\/christiane-seebach.de\/index.php?rest_route=\/wp\/v2\/pages"}],"about":[{"href":"https:\/\/christiane-seebach.de\/index.php?rest_route=\/wp\/v2\/types\/page"}],"author":[{"embeddable":true,"href":"https:\/\/christiane-seebach.de\/index.php?rest_route=\/wp\/v2\/users\/1"}],"replies":[{"embeddable":true,"href":"https:\/\/christiane-seebach.de\/index.php?rest_route=%2Fwp%2Fv2%2Fcomments&post=212"}],"version-history":[{"count":8,"href":"https:\/\/christiane-seebach.de\/index.php?rest_route=\/wp\/v2\/pages\/212\/revisions"}],"predecessor-version":[{"id":658,"href":"https:\/\/christiane-seebach.de\/index.php?rest_route=\/wp\/v2\/pages\/212\/revisions\/658"}],"up":[{"embeddable":true,"href":"https:\/\/christiane-seebach.de\/index.php?rest_route=\/wp\/v2\/pages\/314"}],"wp:featuredmedia":[{"embeddable":true,"href":"https:\/\/christiane-seebach.de\/index.php?rest_route=\/wp\/v2\/media\/458"}],"wp:attachment":[{"href":"https:\/\/christiane-seebach.de\/index.php?rest_route=%2Fwp%2Fv2%2Fmedia&parent=212"}],"curies":[{"name":"wp","href":"https:\/\/api.w.org\/{rel}","templated":true}]}}