{"id":198,"date":"2023-11-12T20:14:45","date_gmt":"2023-11-12T20:14:45","guid":{"rendered":"https:\/\/christianeseebach.magisterwigbold.de\/?page_id=198"},"modified":"2024-11-24T17:28:00","modified_gmt":"2024-11-24T17:28:00","slug":"theaterstuecke","status":"publish","type":"page","link":"https:\/\/christiane-seebach.de\/?page_id=198","title":{"rendered":"Theaterst\u00fccke"},"content":{"rendered":"\n<p class=\"has-black-color has-text-color has-link-color wp-elements-00cac4a48345ee02cbb26b2c03fe6dbe\">W\u00e4hrend meiner Arbeit als Theaterp\u00e4dagogin sind sehr viele selbstgeschriebene Theaterst\u00fccke entstanden. Aufgrund des Datenschutzes kann ich leider keine Bilder auf diese Seite setzen, da ich zu manchen SchauspielerInnen leider den Kontakt verloren habe. <\/p>\n\n\n\n<p class=\"has-black-color has-text-color has-link-color wp-elements-4b2066d89d7fcfd9bdfbc40c20eb839e\">Ich begann 2001, nach den W\u00fcnschen der Sch\u00fclerInnen Theaterst\u00fccke zu schreiben. Ich arbeitete damals an der Waldschule in Obertshausen\/Hessen. Ich hatte die beste Unterst\u00fctzung und Wertsch\u00e4tzung, die man sich nur vorstellen kann von meinem Schulleiter G\u00fcnter Kaspar. So konnten wir (die SchauspielerInnen und ich) uns frei entfalten und weiterentwickeln. Viele unserer St\u00fccke gewannen Preise auf dem Hessischen Schultheaterfestival und sp\u00e4ter auf den Hamburger Schultheatertagen. Wir bewarben uns nicht in jedem Jahr f\u00fcr einen Preis auf einem Schultheaterfestival, da es wirklich sehr viele Schulen gibt, die sich j\u00e4hrlich bewerben. Doch alle St\u00fccke kamen immer in recht gro\u00dfen H\u00e4usern zur Auff\u00fchrung.<\/p>\n\n\n\n<p class=\"has-black-color has-text-color has-link-color wp-elements-754e21fe273e0ca9f9575c09c4386c01\">Gro\u00dfe Unterst\u00fctzung bekam ich auch durch meinen besten Freund und Seelenverwandten Lars Haberland (Schauspieler und Komponist), welcher mir sowohl bei der Regiearbeit half als auch beim Komponieren der Theatermusik. Bis heute sind wir ein eingeschworenes Team und Lars unterst\u00fctzt mich bei meinen selbstgeschriebenen St\u00fccken, bei welchen ich auch auf der B\u00fchne stehe, als Regisseur und \u00fcberhaupt als &#8222;Mann f\u00fcr alles&#8220;. Ohne Lars und Stoni w\u00e4re ich in meiner schauspielerischen und musikalischen Arbeit niemals so weit gekommen. Sie sind meine Lehrmeister und Vorbilder.<\/p>\n\n\n\n<p class=\"has-black-color has-text-color has-link-color wp-elements-e99a570dd93f7130b125d2b44eaa4458\"><strong>2001:<\/strong> &#8222;Bunt sind schon die W\u00e4lder&#8220; (Lieder und Sketche &#8211; Teil meiner Abschlussarbeit als Theaterp\u00e4dagogin, Auff\u00fchrung an der Waldschule, Obertshausen)<\/p>\n\n\n\n<p class=\"has-black-color has-text-color has-link-color wp-elements-e2c986e80a48671d432b00a702f11170\"><strong>2001:<\/strong> &#8222;Die Rede&#8220; (Kriminalst\u00fcck, Auff\u00fchrung auf der B\u00fchne der Waldschule, Obertshausen)<\/p>\n\n\n\n<p class=\"has-black-color has-text-color has-link-color wp-elements-c0847198e2acf524a9094104a614d1a9\"><strong>2002:<\/strong> &#8222;Future Dance&#8220; (Musiktheaterst\u00fcck mit viel Tanz, Gesang und Rap &#8211; Preistr\u00e4ger der HSST, Auff\u00fchrung auf der B\u00fchne der HSST in Bad Hersfeld und Auff\u00fchrung auf der Theaterb\u00fchne im &#8222;Pfarrer-Schwan-Haus&#8220;, Obertshausen)<\/p>\n\n\n\n<p class=\"has-black-color has-text-color has-link-color wp-elements-7bce083774972ff0e6a9270904d653e0\"><strong>2003:<\/strong> &#8222;Faye Schmittchen und die Siebenerbande&#8220; (sozialkritische Adaption des M\u00e4rchens &#8222;Schneewittchen&#8220;, Auff\u00fchrung im &#8222;Pfarrer-Schwan-Haus&#8220;, Obertshausen)<\/p>\n\n\n\n<p class=\"has-black-color has-text-color has-link-color wp-elements-5e3040c282c3de97f09135b72505194d\"><strong>2004:<\/strong> &#8222;Machines&#8220; (Pantomime, Tanz und Theater, inspiriert durch die Filmmusik &#8222;machines&#8220; von Lars Haberland, Auff\u00fchrung auf der Theaterb\u00fchne im &#8222;Pfarrer-Schwan-Haus&#8220;, Obertshausen)<\/p>\n\n\n\n<p class=\"has-black-color has-text-color has-link-color wp-elements-87ac466c98eb98fd69104bfe6c821693\"><strong>2005: <\/strong>&#8222;Theaternacht der Sinne&#8220; (Gesang, Tanz, Auff\u00fchrungen, Pantomime, Feuerwerk und G\u00e4ste wie Schauspielerinnen, Regisseure, Singer\/Songwriter in der Waldschule, Obertshausen)<\/p>\n\n\n\n<p class=\"has-black-color has-text-color has-link-color wp-elements-dbf049a2a74ff8c3d5895b1c199a7e60\"><strong>2006:<\/strong> &#8222;Die 11 Elfen&#8220; (zauberhaftes M\u00e4rchen mit viel Tanz &#8211; Preistr\u00e4ger der HSST, Auff\u00fchrung auf der B\u00fchne der HSST in der Odenwaldschule und auf der Theaterb\u00fchne im &#8222;Pfarrer-Schwan-Haus&#8220;, Obertshausen)<\/p>\n\n\n\n<p class=\"has-black-color has-text-color has-link-color wp-elements-37c8bc03c31698ac4add0c3bb5bf9ff0\"><strong>2007:<\/strong> &#8222;Ger\u00fcchtek\u00fcche&#8220; (Theaterkollage \u00fcber K\u00fcchen und Ger\u00fcchte und Schattentheater inspiriert durch den Song: &#8222;Nur dein Job&#8220; von Andreas Steinhardt)<\/p>\n\n\n\n<p class=\"has-black-color has-text-color has-link-color wp-elements-fc4d7fbd0d7ff60bf792a4198293d198\"><strong>2008:<\/strong> &#8222;Revolution&#8220; (mittelalterliches, gereimtes Theaterspiel mit Originalinstrumenten, Auff\u00fchrung auf der B\u00fchne in der Schule M\u00fcmmelmannsberg, Hamburg)<\/p>\n\n\n\n<p class=\"has-black-color has-text-color has-link-color wp-elements-39f287a209c9c15e0469455f4c87574b\"><strong>2009:<\/strong> &#8222;Konferenz der Au\u00dferirdischen&#8220; (klassisches Theaterst\u00fcck, Preistr\u00e4ger des Hamburger Schultheaterfestivals, Auff\u00fchrung auf der B\u00fchne des Thalia-Theaters, Hamburg und auf der B\u00fchne des ReBBZ in Bergedorf, Hamburg)<\/p>\n\n\n\n<p class=\"has-black-color has-text-color has-link-color wp-elements-7cd85a02270693d9a05d9b8e43b26060\"><strong>2010<\/strong>: &#8222;Des falschen K\u00f6nigs letzter Wunsch&#8220; (Theaterst\u00fcck mit spannenden Elementen wie R\u00fcckw\u00e4rtsspielen, 1. Preis der Jugendtheatertage in Hamburg Bergedorf, Auff\u00fchrung auf der B\u00fchne Hamburg Bergedorf und auf der B\u00fchne des ReBBZ in Bergedorf, Hamburg)<\/p>\n\n\n\n<p class=\"has-black-color has-text-color has-link-color wp-elements-1b2fe9cba8b47e76076418f0e2095866\"><strong>2012:<\/strong> &#8222;Frank ist fernsehkrank&#8220; (Theaterst\u00fcck mit Schattenelementen, Preistr\u00e4ger der Hamburger Grundschultheatertage, Auff\u00fchrung im Thalia-Theater, Hamburg und auf der B\u00fchne des ReBBZ in Bergedorf, Hamburg)<\/p>\n\n\n\n<p class=\"has-black-color has-text-color has-link-color wp-elements-2a79b19a03a2bdeb3a25e66c4eaa0302\">Seit meinem Umzug nach Wismar konnte ich leider noch keine Theater-AG leiten. Ich sehe jedoch zuversichtlich in die Zukunft.<\/p>\n","protected":false},"excerpt":{"rendered":"<p>W\u00e4hrend meiner Arbeit als Theaterp\u00e4dagogin sind sehr viele selbstgeschriebene Theaterst\u00fccke entstanden. Aufgrund des Datenschutzes kann ich leider keine Bilder auf diese Seite setzen, da ich zu manchen SchauspielerInnen leider den Kontakt verloren habe. Ich begann 2001, nach den W\u00fcnschen der Sch\u00fclerInnen Theaterst\u00fccke zu schreiben. Ich arbeitete damals an der Waldschule in Obertshausen\/Hessen. Ich hatte die&hellip; <br \/> <a class=\"read-more\" href=\"https:\/\/christiane-seebach.de\/?page_id=198\">Weiterlesen<\/a><\/p>\n","protected":false},"author":1,"featured_media":370,"parent":194,"menu_order":0,"comment_status":"closed","ping_status":"closed","template":"","meta":{"footnotes":""},"class_list":["post-198","page","type-page","status-publish","has-post-thumbnail","hentry"],"_links":{"self":[{"href":"https:\/\/christiane-seebach.de\/index.php?rest_route=\/wp\/v2\/pages\/198","targetHints":{"allow":["GET"]}}],"collection":[{"href":"https:\/\/christiane-seebach.de\/index.php?rest_route=\/wp\/v2\/pages"}],"about":[{"href":"https:\/\/christiane-seebach.de\/index.php?rest_route=\/wp\/v2\/types\/page"}],"author":[{"embeddable":true,"href":"https:\/\/christiane-seebach.de\/index.php?rest_route=\/wp\/v2\/users\/1"}],"replies":[{"embeddable":true,"href":"https:\/\/christiane-seebach.de\/index.php?rest_route=%2Fwp%2Fv2%2Fcomments&post=198"}],"version-history":[{"count":10,"href":"https:\/\/christiane-seebach.de\/index.php?rest_route=\/wp\/v2\/pages\/198\/revisions"}],"predecessor-version":[{"id":675,"href":"https:\/\/christiane-seebach.de\/index.php?rest_route=\/wp\/v2\/pages\/198\/revisions\/675"}],"up":[{"embeddable":true,"href":"https:\/\/christiane-seebach.de\/index.php?rest_route=\/wp\/v2\/pages\/194"}],"wp:featuredmedia":[{"embeddable":true,"href":"https:\/\/christiane-seebach.de\/index.php?rest_route=\/wp\/v2\/media\/370"}],"wp:attachment":[{"href":"https:\/\/christiane-seebach.de\/index.php?rest_route=%2Fwp%2Fv2%2Fmedia&parent=198"}],"curies":[{"name":"wp","href":"https:\/\/api.w.org\/{rel}","templated":true}]}}