{"id":196,"date":"2023-11-12T20:13:49","date_gmt":"2023-11-12T20:13:49","guid":{"rendered":"https:\/\/christianeseebach.magisterwigbold.de\/?page_id=196"},"modified":"2024-11-24T17:25:25","modified_gmt":"2024-11-24T17:25:25","slug":"auszeichnungen","status":"publish","type":"page","link":"https:\/\/christiane-seebach.de\/?page_id=196","title":{"rendered":"Auszeichnungen"},"content":{"rendered":"\n<p class=\"has-black-color has-text-color has-link-color wp-elements-6f2ca4a1134b1421db5ae12cb07afea1\">Ich absolvierte meine Ausbildung als Theaterp\u00e4dagogin BuT am Off-Theater in Neuss. Ich liebe es, mit Kindern und Jugendlichen Theater zu spielen. Sie sind offen, leidenschaftlich und kreativ. In unserer gemeinsamen Arbeit sind viele fantastische Theaterst\u00fccke entstanden und zwar aus der Improvisation und den W\u00fcnschen der Sch\u00fclerInnen, aus welchen ich dann neue Theaterst\u00fccke bastelte. Im Laufe der Zeit bekamen wir einige Preise auf Festivals bzw. Schultheaterfestivals.<\/p>\n\n\n\n<p class=\"has-black-color has-text-color has-link-color wp-elements-a689fa7cf118014578da13d021558359\"><strong>2012<\/strong>: Preis der Hamburger Grundschultage mit dem St\u00fcck: &#8222;Frank ist fernsehkrank&#8220;<\/p>\n\n\n\n<p class=\"has-black-color has-text-color has-link-color wp-elements-902ce0b1316af07ad42c75c9dc68a6e9\"><strong>2010:<\/strong> 1. Preis Jugendtheatertage Hamburg Bergedorf mit dem St\u00fcck: &#8222;Des falschen K\u00f6nigs letzter Wunsch&#8220;<\/p>\n\n\n\n<p class=\"has-black-color has-text-color has-link-color wp-elements-9adb6120511da9689e41e79b6ba26e79\"><strong>2009:<\/strong> Preis des Hamburger Schultheaterfestivals mit dem St\u00fcck: &#8222;Die Konferenz der Au\u00dferirdischen&#8220;<\/p>\n\n\n\n<p class=\"has-black-color has-text-color has-link-color wp-elements-a9d5501d1c0403f0fe241e38c50456a5\"><strong>2006<\/strong>:  Schultheaterf\u00f6rderpreis der Sparkassen-Kulturstiftung Hessen-Th\u00fcringen mit dem St\u00fcck: &#8222;Die 11 Elfen&#8220;<\/p>\n\n\n\n<p class=\"has-black-color has-text-color has-link-color wp-elements-58720374654ebe7c7f95a8b72360bad7\"><strong>2002:<\/strong>  Schultheaterf\u00f6rderpreis der Sparkassen-Kulturstiftung Hessen-Th\u00fcringen mit dem St\u00fcck: &#8222;Futuredance&#8220;<\/p>\n\n\n<div class=\"wp-block-image is-style-rounded\">\n<figure class=\"aligncenter size-large\"><img loading=\"lazy\" decoding=\"async\" width=\"624\" height=\"1024\" src=\"https:\/\/christiane-seebach.de\/wp-content\/uploads\/2023\/11\/Preisverleihung-in-Hamburg1-624x1024.jpg\" alt=\"\" class=\"wp-image-472\" srcset=\"https:\/\/christiane-seebach.de\/wp-content\/uploads\/2023\/11\/Preisverleihung-in-Hamburg1-624x1024.jpg 624w, https:\/\/christiane-seebach.de\/wp-content\/uploads\/2023\/11\/Preisverleihung-in-Hamburg1-183x300.jpg 183w, https:\/\/christiane-seebach.de\/wp-content\/uploads\/2023\/11\/Preisverleihung-in-Hamburg1-768x1259.jpg 768w, https:\/\/christiane-seebach.de\/wp-content\/uploads\/2023\/11\/Preisverleihung-in-Hamburg1-937x1536.jpg 937w, https:\/\/christiane-seebach.de\/wp-content\/uploads\/2023\/11\/Preisverleihung-in-Hamburg1-1249x2048.jpg 1249w, https:\/\/christiane-seebach.de\/wp-content\/uploads\/2023\/11\/Preisverleihung-in-Hamburg1-1024x1679.jpg 1024w, https:\/\/christiane-seebach.de\/wp-content\/uploads\/2023\/11\/Preisverleihung-in-Hamburg1-659x1080.jpg 659w, https:\/\/christiane-seebach.de\/wp-content\/uploads\/2023\/11\/Preisverleihung-in-Hamburg1.jpg 1405w\" sizes=\"auto, (max-width: 624px) 100vw, 624px\" \/><\/figure>\n<\/div>\n\n\n<p class=\"has-black-color has-text-color has-link-color wp-elements-7e0167b771b2eb9bc8efec80d64ba6e9\">Auf ins Hamburger Rathaus, zur Preisverleihung. Leider musste ich die Sch\u00fcler, die den Preis entgegen nehmen durften, wegschneiden, da ich sie nicht mehr erreiche (und fragen kann wegen des Datenschutzes).<\/p>\n","protected":false},"excerpt":{"rendered":"<p>Ich absolvierte meine Ausbildung als Theaterp\u00e4dagogin BuT am Off-Theater in Neuss. Ich liebe es, mit Kindern und Jugendlichen Theater zu spielen. Sie sind offen, leidenschaftlich und kreativ. In unserer gemeinsamen Arbeit sind viele fantastische Theaterst\u00fccke entstanden und zwar aus der Improvisation und den W\u00fcnschen der Sch\u00fclerInnen, aus welchen ich dann neue Theaterst\u00fccke bastelte. Im Laufe&hellip; <br \/> <a class=\"read-more\" href=\"https:\/\/christiane-seebach.de\/?page_id=196\">Weiterlesen<\/a><\/p>\n","protected":false},"author":1,"featured_media":366,"parent":194,"menu_order":0,"comment_status":"closed","ping_status":"closed","template":"","meta":{"footnotes":""},"class_list":["post-196","page","type-page","status-publish","has-post-thumbnail","hentry"],"_links":{"self":[{"href":"https:\/\/christiane-seebach.de\/index.php?rest_route=\/wp\/v2\/pages\/196","targetHints":{"allow":["GET"]}}],"collection":[{"href":"https:\/\/christiane-seebach.de\/index.php?rest_route=\/wp\/v2\/pages"}],"about":[{"href":"https:\/\/christiane-seebach.de\/index.php?rest_route=\/wp\/v2\/types\/page"}],"author":[{"embeddable":true,"href":"https:\/\/christiane-seebach.de\/index.php?rest_route=\/wp\/v2\/users\/1"}],"replies":[{"embeddable":true,"href":"https:\/\/christiane-seebach.de\/index.php?rest_route=%2Fwp%2Fv2%2Fcomments&post=196"}],"version-history":[{"count":6,"href":"https:\/\/christiane-seebach.de\/index.php?rest_route=\/wp\/v2\/pages\/196\/revisions"}],"predecessor-version":[{"id":673,"href":"https:\/\/christiane-seebach.de\/index.php?rest_route=\/wp\/v2\/pages\/196\/revisions\/673"}],"up":[{"embeddable":true,"href":"https:\/\/christiane-seebach.de\/index.php?rest_route=\/wp\/v2\/pages\/194"}],"wp:featuredmedia":[{"embeddable":true,"href":"https:\/\/christiane-seebach.de\/index.php?rest_route=\/wp\/v2\/media\/366"}],"wp:attachment":[{"href":"https:\/\/christiane-seebach.de\/index.php?rest_route=%2Fwp%2Fv2%2Fmedia&parent=196"}],"curies":[{"name":"wp","href":"https:\/\/api.w.org\/{rel}","templated":true}]}}