{"id":190,"date":"2023-11-12T20:09:08","date_gmt":"2023-11-12T20:09:08","guid":{"rendered":"https:\/\/christianeseebach.magisterwigbold.de\/?page_id=190"},"modified":"2024-11-24T17:29:37","modified_gmt":"2024-11-24T17:29:37","slug":"impro-theater","status":"publish","type":"page","link":"https:\/\/christiane-seebach.de\/?page_id=190","title":{"rendered":"Impro-Theater"},"content":{"rendered":"\n<p class=\"has-black-color has-text-color has-link-color wp-elements-c7f0faf313718a8e13ed0b50cc65ecbf\"><em>&#8222;Theater ist von jedem Menschen, an jedem Ort und zu jeder Zeit spielbar.&#8220; <\/em>(So ungef\u00e4hr hat es der gro\u00dfe Revolution\u00e4r Augusto Boal (&#8222;Theater der Unterdr\u00fcckten&#8220;) formuliert, den ich gl\u00fccklicherweise w\u00e4hrend meiner Ausbildung zur Theaterp\u00e4dagogin noch erleben durfte. Dieser gro\u00dfartige Mensch und Friedensnobelpreistr\u00e4ger starb \u00fcbrigens an den Folgen von Folter. Er wurde eingesperrt, weil er Theater gespielt hat, um auf die Missst\u00e4nde in seinem Land Brasilien aufmerksam zu machen)<\/p>\n\n\n\n<p class=\"has-black-color has-text-color has-link-color wp-elements-81b32d52c38c25a1ff89df91ddbf5d9d\">Improvisationstheater ist Liebe. Improtheater ist Leidenschaft. Improvisation steckt in jedem von uns. <\/p>\n\n\n\n<p class=\"has-black-color has-text-color has-link-color wp-elements-478bfc69b65ccceb553e677f7aad5982\">Im Falle des Theaterspielens bedeutet es, dass eine Geschichte aus der Spontanit\u00e4t der Improspieler entsteht. Die Vorgaben dazu gibt das Publikum. <\/p>\n\n\n\n<p class=\"has-black-color has-text-color has-link-color wp-elements-a63740ec32e67fe856a7f3c673de3602\">Die SpielerInnen sind leer, wie eine leere Blumenvase, die mit duftend bunten Blumen gef\u00fcllt wird. Die Spieler kommen auf die B\u00fchne und wissen nicht, was passieren wird. In meinen Augen sind zwei Sachen wichtig. Die SchauspielerInnen m\u00fcssen die Regeln der Improvisation und des Theaterspielens aus dem ff kennen (ja, f\u00fcrs Improvisieren gilt es tats\u00e4chlich, eine Menge Regeln zu beachten). Und die Moderatorin\/der Moderator muss verdammt gut sein, das bedeutet, sie\/er muss das Publikum anheizen, bei Laune halten, die Vorgaben in eine gute Form pressen, die Geschichte lenken, auf die Dynamik im Spiel achten. Rund wird das Ganze dann durch eine gute Musikerin\/einen guten Musiker.<\/p>\n\n\n\n<p class=\"has-black-color has-text-color has-link-color wp-elements-326781938a320ceff0751d2251e5e3f3\">Ich hatte das gro\u00dfe Gl\u00fcck, sowohl Improschauspielerin, als auch Improausbilderin und Moderatorin zu sein. Wie schon erw\u00e4hnt, ich liebe es zu lernen.<\/p>\n\n\n\n<p class=\"has-black-color has-text-color has-link-color wp-elements-eabb0a79f4d53ec17f981407ae184201\">Gelernt habe ich die Improvisation bei der gro\u00dfartigen Katja Hergenhahn (Ampere Theater, Appler Express) in Frankfurt am Main. Wir gr\u00fcndeten unsere erste Improtheatergruppe Maineid, doch dann zog ich nach Hamburg.  In Waldm\u00fcnchen hatte ich die wunderbare Gelegenheit, meine erste Improgruppe anzuleiten &#8222;Planlos im Plenum&#8220;.  Als ich nach Wismar zog, konnte ich wunderbare Menschen und gro\u00dfartige SchauspielerInnen und MusikerInnen f\u00fcr &#8222;WismarNichMeer&#8220; anleiten. Ich hoffe sehr, bald wieder mit ihnen arbeiten zu k\u00f6nnen.<\/p>\n\n\n\n<p class=\"has-black-color has-text-color has-link-color wp-elements-d78a181d619b7bb9baa1a4f5d9011d97\">Bilder und Videos folgen.<\/p>\n\n\n\n<p><\/p>\n","protected":false},"excerpt":{"rendered":"<p>&#8222;Theater ist von jedem Menschen, an jedem Ort und zu jeder Zeit spielbar.&#8220; (So ungef\u00e4hr hat es der gro\u00dfe Revolution\u00e4r Augusto Boal (&#8222;Theater der Unterdr\u00fcckten&#8220;) formuliert, den ich gl\u00fccklicherweise w\u00e4hrend meiner Ausbildung zur Theaterp\u00e4dagogin noch erleben durfte. Dieser gro\u00dfartige Mensch und Friedensnobelpreistr\u00e4ger starb \u00fcbrigens an den Folgen von Folter. Er wurde eingesperrt, weil er Theater&hellip; <br \/> <a class=\"read-more\" href=\"https:\/\/christiane-seebach.de\/?page_id=190\">Weiterlesen<\/a><\/p>\n","protected":false},"author":1,"featured_media":551,"parent":130,"menu_order":0,"comment_status":"closed","ping_status":"closed","template":"","meta":{"footnotes":""},"class_list":["post-190","page","type-page","status-publish","has-post-thumbnail","hentry"],"_links":{"self":[{"href":"https:\/\/christiane-seebach.de\/index.php?rest_route=\/wp\/v2\/pages\/190","targetHints":{"allow":["GET"]}}],"collection":[{"href":"https:\/\/christiane-seebach.de\/index.php?rest_route=\/wp\/v2\/pages"}],"about":[{"href":"https:\/\/christiane-seebach.de\/index.php?rest_route=\/wp\/v2\/types\/page"}],"author":[{"embeddable":true,"href":"https:\/\/christiane-seebach.de\/index.php?rest_route=\/wp\/v2\/users\/1"}],"replies":[{"embeddable":true,"href":"https:\/\/christiane-seebach.de\/index.php?rest_route=%2Fwp%2Fv2%2Fcomments&post=190"}],"version-history":[{"count":5,"href":"https:\/\/christiane-seebach.de\/index.php?rest_route=\/wp\/v2\/pages\/190\/revisions"}],"predecessor-version":[{"id":676,"href":"https:\/\/christiane-seebach.de\/index.php?rest_route=\/wp\/v2\/pages\/190\/revisions\/676"}],"up":[{"embeddable":true,"href":"https:\/\/christiane-seebach.de\/index.php?rest_route=\/wp\/v2\/pages\/130"}],"wp:featuredmedia":[{"embeddable":true,"href":"https:\/\/christiane-seebach.de\/index.php?rest_route=\/wp\/v2\/media\/551"}],"wp:attachment":[{"href":"https:\/\/christiane-seebach.de\/index.php?rest_route=%2Fwp%2Fv2%2Fmedia&parent=190"}],"curies":[{"name":"wp","href":"https:\/\/api.w.org\/{rel}","templated":true}]}}