{"id":183,"date":"2023-11-12T20:00:19","date_gmt":"2023-11-12T20:00:19","guid":{"rendered":"https:\/\/christianeseebach.magisterwigbold.de\/?page_id=183"},"modified":"2024-11-24T17:45:50","modified_gmt":"2024-11-24T17:45:50","slug":"gedichte","status":"publish","type":"page","link":"https:\/\/christiane-seebach.de\/?page_id=183","title":{"rendered":"Gedichte"},"content":{"rendered":"\n<p class=\"has-black-color has-text-color has-link-color wp-elements-e92fdf52278ce4f111e74a587c52fc4c\">Ich liebe schreiben. Meist sind so viele Ideen in meinem Kopf, dass ich gar keine Zeit habe, sie alle niederzuschreiben. Da schwirren Ideen f\u00fcr Theaterst\u00fccke, Romane, Liedtexte und Kurzgeschichten nur so herum. Woher die Zeit nehmen? Aber Gedichte gehen immer. Und Kurzgeschichten auch. Meistens.<\/p>\n\n\n\n<p class=\"has-black-color has-text-color has-link-color wp-elements-8910d09370442f1d70020a72a9598526\">Hier einige Leseproben:<\/p>\n\n\n\n<p class=\"has-text-align-center\"><\/p>\n\n\n\n<pre class=\"wp-block-verse has-text-align-center has-black-color has-text-color has-link-color wp-elements-fd9b41735323374840ff07a8e5e67425\"><em><strong>Ich Baum\n\nWirf ab das d\u00fcrre Laub der letzten Jahre!\nWann kam der Zeitpunkt (den du \u00fcbersahst),\nals neue Bl\u00fcten kamen, wunderbare\nLichter des Lebens (was du glatt verga\u00dft)?\n\nDie Rinde? Sch\u00fctzt dich l\u00e4ngst nicht mehr \u2013 du Tor!\nUnd Reif bedeckt das Haupt der wei\u00dfen Gans\nwie Nebel Wiesen in dem Jahr zuvor.\nDas ist die Angst, die du nicht lieben kannst.\n\nWie traurig siehst du aus in deinem Kleid\naus d\u00fcnnen \u00c4sten. Und \u2013 ich seh\u2018 es kaum,\ndass du es warst, M\u00e4chtiger. Vor der Zeit\nder Furcht. Du l\u00e4sst nicht los. So wie ich Baum.<\/strong>\n<\/em><\/pre>\n\n\n\n<p><\/p>\n\n\n\n<p class=\"has-text-align-center\"><\/p>\n\n\n\n<pre class=\"wp-block-verse has-text-align-center has-black-color has-text-color has-link-color wp-elements-99c3aa512e648749686cecd0d6afca63\"><strong><em><br><br>Danke (f\u00fcr Simone)<br><br><br>Danke, dass du mein Spiegel bist,<br>so sch\u00f6n, so rein, so klar.<br>Und das, was noch im Dunkeln ist<br>beleuchtest du. Und ganz gewiss<br>ist, was ich sehe, wahr.<br><br><br>Danke, dass du mein Schutzschild bist,<br>wenn ich meines nicht find'.<br>Wenn Angst sich durch die Seele frisst,<br>stehst du mir bei \u2013 und ganz gewiss<br>auch meinem inn'ren Kind.<br><br><br>Danke, dass du mein Anker bist,<br>wenn ich kein Ufer seh',<br>wenn unter mir kein Grund mehr ist.<br>Baust Br\u00fccken gegen Finsternis,<br>egal, wohin ich geh'.<br><br><br>Und wenn ich am Ertrinken bin,<br>reichst du mir deine Hand,<br>erkl\u00e4rst als Lexikon den Sinn<br>der Irr-Bilder. Bist Heilerin.<br>Ber\u00fchrst Herz und Verstand.<\/em><\/strong><br><\/pre>\n\n\n\n<pre class=\"wp-block-verse has-text-align-center has-black-color has-text-color has-link-color wp-elements-07cb33303b0a0ba550261c2f34f6a2e6\"><br><strong><em>Im Fluss<br><br>Lieber gr\u00fcne Zeiten als die grauen!<br>Kriege kommen schon ganz klein daher,<br>und \u2013 Gewehr bei Fu\u00df \u2013 rennen die schlauen<br>K\u00e4mpfer schreiend fort. Fu\u00df bei Gewehr.<br><br>Sterbend starr\u2019 ich in das fahle Mondlicht.<br>Spiegelnd doppelt sich\u2019s im eis\u2019gen Fluss.<br>Blind der, dem\u2019s gen\u00fcgt und gl\u00fccklich, wer nicht<br>durch die Oberfl\u00e4che dringen muss.<br><br>Wenn die Wellen \u00fcber mir sich weiten,<br>verstummt auch des letzten Kriegers Schrei.<br>Lieber rote als die grauen Zeiten!<br>Weltfremde Gedanken: Geist ist frei!<\/em><\/strong><\/pre>\n\n\n\n<p><\/p>\n","protected":false},"excerpt":{"rendered":"<p>Ich liebe schreiben. Meist sind so viele Ideen in meinem Kopf, dass ich gar keine Zeit habe, sie alle niederzuschreiben. Da schwirren Ideen f\u00fcr Theaterst\u00fccke, Romane, Liedtexte und Kurzgeschichten nur so herum. Woher die Zeit nehmen? Aber Gedichte gehen immer. Und Kurzgeschichten auch. Meistens. Hier einige Leseproben: Ich Baum Wirf ab das d\u00fcrre Laub der&hellip; <br \/> <a class=\"read-more\" href=\"https:\/\/christiane-seebach.de\/?page_id=183\">Weiterlesen<\/a><\/p>\n","protected":false},"author":1,"featured_media":539,"parent":131,"menu_order":0,"comment_status":"closed","ping_status":"closed","template":"","meta":{"footnotes":""},"class_list":["post-183","page","type-page","status-publish","has-post-thumbnail","hentry"],"_links":{"self":[{"href":"https:\/\/christiane-seebach.de\/index.php?rest_route=\/wp\/v2\/pages\/183","targetHints":{"allow":["GET"]}}],"collection":[{"href":"https:\/\/christiane-seebach.de\/index.php?rest_route=\/wp\/v2\/pages"}],"about":[{"href":"https:\/\/christiane-seebach.de\/index.php?rest_route=\/wp\/v2\/types\/page"}],"author":[{"embeddable":true,"href":"https:\/\/christiane-seebach.de\/index.php?rest_route=\/wp\/v2\/users\/1"}],"replies":[{"embeddable":true,"href":"https:\/\/christiane-seebach.de\/index.php?rest_route=%2Fwp%2Fv2%2Fcomments&post=183"}],"version-history":[{"count":18,"href":"https:\/\/christiane-seebach.de\/index.php?rest_route=\/wp\/v2\/pages\/183\/revisions"}],"predecessor-version":[{"id":688,"href":"https:\/\/christiane-seebach.de\/index.php?rest_route=\/wp\/v2\/pages\/183\/revisions\/688"}],"up":[{"embeddable":true,"href":"https:\/\/christiane-seebach.de\/index.php?rest_route=\/wp\/v2\/pages\/131"}],"wp:featuredmedia":[{"embeddable":true,"href":"https:\/\/christiane-seebach.de\/index.php?rest_route=\/wp\/v2\/media\/539"}],"wp:attachment":[{"href":"https:\/\/christiane-seebach.de\/index.php?rest_route=%2Fwp%2Fv2%2Fmedia&parent=183"}],"curies":[{"name":"wp","href":"https:\/\/api.w.org\/{rel}","templated":true}]}}