{"id":173,"date":"2023-11-12T19:41:48","date_gmt":"2023-11-12T19:41:48","guid":{"rendered":"https:\/\/christianeseebach.magisterwigbold.de\/?page_id=173"},"modified":"2024-11-24T18:17:22","modified_gmt":"2024-11-24T18:17:22","slug":"buecher","status":"publish","type":"page","link":"https:\/\/christiane-seebach.de\/?page_id=173","title":{"rendered":"B\u00fccher"},"content":{"rendered":"<div class=\"wp-block-image\">\n<figure class=\"aligncenter size-large\"><img loading=\"lazy\" decoding=\"async\" width=\"711\" height=\"1024\" src=\"https:\/\/christiane-seebach.de\/wp-content\/uploads\/2024\/11\/WhatsApp-Image-2024-11-24-at-18.32.45-711x1024.jpeg\" alt=\"\" class=\"wp-image-678\" srcset=\"https:\/\/christiane-seebach.de\/wp-content\/uploads\/2024\/11\/WhatsApp-Image-2024-11-24-at-18.32.45-711x1024.jpeg 711w, https:\/\/christiane-seebach.de\/wp-content\/uploads\/2024\/11\/WhatsApp-Image-2024-11-24-at-18.32.45-208x300.jpeg 208w, https:\/\/christiane-seebach.de\/wp-content\/uploads\/2024\/11\/WhatsApp-Image-2024-11-24-at-18.32.45-768x1106.jpeg 768w, https:\/\/christiane-seebach.de\/wp-content\/uploads\/2024\/11\/WhatsApp-Image-2024-11-24-at-18.32.45-1067x1536.jpeg 1067w, https:\/\/christiane-seebach.de\/wp-content\/uploads\/2024\/11\/WhatsApp-Image-2024-11-24-at-18.32.45-1024x1475.jpeg 1024w, https:\/\/christiane-seebach.de\/wp-content\/uploads\/2024\/11\/WhatsApp-Image-2024-11-24-at-18.32.45-750x1080.jpeg 750w, https:\/\/christiane-seebach.de\/wp-content\/uploads\/2024\/11\/WhatsApp-Image-2024-11-24-at-18.32.45.jpeg 1422w\" sizes=\"auto, (max-width: 711px) 100vw, 711px\" \/><\/figure>\n<\/div>\n\n\n<p><br><\/p>\n\n\n\n<h2 class=\"wp-block-heading\">Trix W\u00fchnix Triologie<\/h2>\n\n\n\n<p class=\"has-black-color has-text-color has-link-color wp-elements-579adf12cab4f156caed96d010afd2b8\">Als ich an einer Geh\u00f6rlosenschule arbeitete, bemerkte ich, wie schwer es den Kindern fiel, so etwas Abstraktes wie die analoge Uhrzeit zu lernen. Ich entwickelte eine Regenwurm-Figur &#8222;Trix W\u00fchlnix&#8220;. Mein Freund und Illustrator Dirk Wahren zeichnete wunderbare Arbeitsbl\u00e4tter, auf welchem Trix den Sch\u00fclerInnen die Uhrzeit beibringt. Das kam so gut an, dass ich ein Buch mit den Abenteuern des Regenwurms Trix W\u00fchlnix schrieb. Gleich der erste Verlag (Middelhauve) nahm mich &#8211; und ich feierte. Ich schrieb zwei weitere Geschichten rund um die Figur Trix W\u00fchlnix. Au\u00dferdem entstand ein Musical (1. Band: &#8222;Trix W\u00fchlnix und die Kirchturmuhr&#8220;) und ich musste die Auflage erf\u00fcllen und eine andere, vom Verlag vorgegebene Illustratorin nehmen (sie war fantastisch, brannte aber mit einem Jongleur nach Frankreich durch und war daraufhin nicht mehr erreichbar). Ich verschliss insgesamt 4 Illustratoren (Illustrator Nr. 3 wurde B\u00fcrgermeister und nach dem 4. gab ich auf).<\/p>\n\n\n\n<p class=\"has-black-color has-text-color has-link-color wp-elements-739ad03218b1fabfe0b4bfac0ca119a2\">Zu fr\u00fch gefreut, Middelhauve machte pleite und ich k\u00e4mpfte 2 Jahre lang, meine Rechte zur\u00fcckzubekommen. Danach ging es abw\u00e4rts, es war schwierig, Verlage zu finden und irgendwie war bei mir die Luft raus. Ich gab auf.<\/p>\n\n\n\n<p class=\"has-black-color has-text-color has-link-color wp-elements-24c770da5a6b1939a45613df49e0b6dd\">Doch Stoni druckte meine Triologie in einem Band, illustrierte es und schenkte es mir.&nbsp;<\/p>\n\n\n\n<p><\/p>\n\n\n\n<h2 class=\"wp-block-heading\">Band 1: &#8222;Trix W\u00fchlnix und die Kirchturmuhr&#8220;<\/h2>\n\n\n\n<p class=\"has-black-color has-text-color has-link-color wp-elements-8f4bd5207c66f736eacc11a227565923\">Seit Tagen regnet es. Trix W\u00fchlnix ist ein sprechender Regenwurm im Garten von Anna. Da seine Wohnung mittlerweile vollkommen \u00fcberflutet ist, kommt er an die Oberfl\u00e4che. Er bemerkt, dass sich nichts bewegt. Die Zeit hat einfach aufgeh\u00f6rt zu existieren. Seine Suche f\u00fchrt ihn in die Stadt, wo er bemerkt, dass die Kirchturmuhr stehen geblieben ist. Die Kirchturmuhr ist eine ziemliche Diva, deren Zeiger sich immer streiten, weil der gro\u00dfe d\u00fcnne Zeiger auf den kleinen dicken Zeiger eifers\u00fcchtig ist, da er viel schneller rennen muss. Im Streit bemerken sie den beginnenden Regen nicht. Der gro\u00dfe Zeiger erk\u00e4ltet sich und bleibt einfach stehen. Nun ist Trix&#8216; Ideenreichtum gefragt. Er l\u00e4sst den Zeiger zum Uhrmacher bringen und nimmt stattdessen seine Position. Die Kinder erfahren viel \u00fcber die Zeit, \u00fcber das Funktionieren und den Aufbau einer Uhr und nat\u00fcrlich die Uhrzeit zu lesen und zu verstehen.<\/p>\n\n\n\n<h2 class=\"wp-block-heading\">Band 2: &#8222;Trix W\u00fchlnix und die wilden Vokalos&#8220;<\/h2>\n\n\n\n<p class=\"has-black-color has-text-color has-link-color wp-elements-24777123cf983d3dfe82bac8f5cd085f\">Ein wunderbares, philosophisch angehauchtes Buch mit viel Sprachwitz und Wortspielen. Onkel Bobox aus Australien ist zu Besuch. Er ist \u00fcber 3 Meter lang und liebt es, Trix und seine Freunde zu erschrecken. Wetten liebt er auch \u00fcber alles st\u00e4ndig bringt er damit andere in Gefahr. Da Onkel Bobox am liebsten kocht und au\u00dferdem Sprachspiele liebt, wettet er mit Trix, dass dieser all seine Leckereien nicht an einem Tag verspeisen kann. Er m\u00f6chte allerdings nur das kochen, was mit dem gleichen Buchstaben anf\u00e4ngt. Jeden Tag soll ein anderer Buchstabe dran sein. Trix wird &#8222;fresss\u00fcchtig&#8220; und immer dicker. Er bricht durch die Erde und landet im absoluten Nichts. Hier trifft er auf die wilden Vokalos, das sind pl\u00fcschige Monster, die nur die Vokale benutzen k\u00f6nnen, die sie darstellen. Vekeles Landschaft beispielsweise ist gelb und er kann nur den Vokal &#8222;e&#8220; benutzen. Um Trix bei sich zu halten, gibt es auch bei ihm nur leckeres Essen, ausschlie\u00dflich mit dem Vokal &#8222;e&#8220;. Dasselbe gilt f\u00fcr die anderen Vokalos, zum Beispiel Vokolo, der in einer roten Landschaft lebt.<\/p>\n\n\n\n<p class=\"has-black-color has-text-color has-link-color wp-elements-c17de4f5b6d4390856fb2b4d1ff7391f\">Wird es Trix gelingen, seine Fresssucht zu besiegen? Wird er die Welten der Vokalos wieder zusammenbringen? Und was hat das alles mit Onkel Bobox zu tun? <\/p>\n\n\n\n<h2 class=\"wp-block-heading\">Band 3: &#8222;Trix W\u00fchlnix und das Wurmloch&#8220;<\/h2>\n\n\n\n<p class=\"has-black-color has-text-color has-link-color wp-elements-9fe0c289e9ae56fb8eb14a191fc3e9d8\">Trix f\u00fchlt sich auf einer Fete der beiden Plattw\u00fcrmer (die zudem auch noch &#8222;platt&#8220; sprechen) einsam. Am Meer zieht ihn ein Wurmloch auf fremde Planeten. Der Drehwurm-Planeten ist rotationsgebunden, er zeigt seiner Sonne immer diesselbe Seite. Doch die Drehw\u00fcrmer sehen das anders, f\u00fcr sie dreht sich der Planet rasend schnell. Auch auf dem Ohrwurmplaneten ist &#8222;verkehrte Welt&#8220; angesagt. Die Ohrw\u00fcrmer empfinden laut als leise, kalt als warm und so weiter. Wer ist nun im Recht? Der B\u00fccherwurmplanet, welcher ausschlie\u00dflich aus B\u00fcchern besteht, beinhaltet auch das Buch der Geschichte von Trix.<\/p>\n\n\n\n<p class=\"has-black-color has-text-color has-link-color wp-elements-b77784d1c571418d28a51c162fb79fc4\">Ein philosophisches Buch voller Sprachwitz f\u00fcr Menschen von 9 bis 99. <\/p>\n\n\n\n<h2 class=\"wp-block-heading\">Adventskalender<\/h2>\n\n\n\n<p class=\"has-black-color has-text-color has-link-color wp-elements-5b5991a84d124d91f1203688db597808\">Jedes Jahr gibt es f\u00fcr meine Freunde einen selbstgeschriebenen Adventskalender (in geringer Auflage von 50 St\u00fcck). Es gibt immer ein besonderes Thema. Im Kalender 2022 dreht sich alles um einen Au\u00dferirdischen (Adoras), der auf der Erde gelandet ist, damit seine fortgeschrittene Rasse (die Xinorianer) Br\u00e4uche und Feste anderer Spezies kennenlernen kann. Ich reise mit Adoras in meine Kindheit. Zu jedem Kalender gibt es ein besonderes Lesezeichen (2022 war es ein magisches Auge, durch die man die Welt in Regenbogenfarben sehen kann und einen Zuckerstangenkuli, da es auch so etwas wie &#8222;Hausaufgaben&#8220; gab.<\/p>\n\n\n<div class=\"wp-block-image\">\n<figure class=\"aligncenter size-large\"><img loading=\"lazy\" decoding=\"async\" width=\"724\" height=\"1024\" src=\"https:\/\/christiane-seebach.de\/wp-content\/uploads\/2023\/11\/Vorderseite-724x1024.jpg\" alt=\"\" class=\"wp-image-504\" srcset=\"https:\/\/christiane-seebach.de\/wp-content\/uploads\/2023\/11\/Vorderseite-724x1024.jpg 724w, https:\/\/christiane-seebach.de\/wp-content\/uploads\/2023\/11\/Vorderseite-212x300.jpg 212w, https:\/\/christiane-seebach.de\/wp-content\/uploads\/2023\/11\/Vorderseite-768x1086.jpg 768w, https:\/\/christiane-seebach.de\/wp-content\/uploads\/2023\/11\/Vorderseite-1086x1536.jpg 1086w, https:\/\/christiane-seebach.de\/wp-content\/uploads\/2023\/11\/Vorderseite-1448x2048.jpg 1448w, https:\/\/christiane-seebach.de\/wp-content\/uploads\/2023\/11\/Vorderseite-1024x1448.jpg 1024w, https:\/\/christiane-seebach.de\/wp-content\/uploads\/2023\/11\/Vorderseite-764x1080.jpg 764w, https:\/\/christiane-seebach.de\/wp-content\/uploads\/2023\/11\/Vorderseite-scaled.jpg 1810w\" sizes=\"auto, (max-width: 724px) 100vw, 724px\" \/><figcaption class=\"wp-element-caption\"><strong>Die Vorderseite meines Adventskalenders 2022.<\/strong><\/figcaption><\/figure>\n<\/div>\n\n<div class=\"wp-block-image\">\n<figure class=\"aligncenter size-large\"><img loading=\"lazy\" decoding=\"async\" width=\"724\" height=\"1024\" src=\"https:\/\/christiane-seebach.de\/wp-content\/uploads\/2023\/11\/Rueckseite-724x1024.jpg\" alt=\"\" class=\"wp-image-505\" srcset=\"https:\/\/christiane-seebach.de\/wp-content\/uploads\/2023\/11\/Rueckseite-724x1024.jpg 724w, https:\/\/christiane-seebach.de\/wp-content\/uploads\/2023\/11\/Rueckseite-212x300.jpg 212w, https:\/\/christiane-seebach.de\/wp-content\/uploads\/2023\/11\/Rueckseite-768x1086.jpg 768w, https:\/\/christiane-seebach.de\/wp-content\/uploads\/2023\/11\/Rueckseite-1086x1536.jpg 1086w, https:\/\/christiane-seebach.de\/wp-content\/uploads\/2023\/11\/Rueckseite-1448x2048.jpg 1448w, https:\/\/christiane-seebach.de\/wp-content\/uploads\/2023\/11\/Rueckseite-1024x1448.jpg 1024w, https:\/\/christiane-seebach.de\/wp-content\/uploads\/2023\/11\/Rueckseite-764x1080.jpg 764w, https:\/\/christiane-seebach.de\/wp-content\/uploads\/2023\/11\/Rueckseite-scaled.jpg 1810w\" sizes=\"auto, (max-width: 724px) 100vw, 724px\" \/><figcaption class=\"wp-element-caption\"><strong>Die R\u00fcckseite meines Adventskalenders.<\/strong><\/figcaption><\/figure>\n<\/div>\n\n\n<p class=\"has-black-color has-text-color has-link-color wp-elements-7fe783362e7b3207b82d6e7442eca62c\">Eine Leseprobe:<\/p>\n\n\n\n<p class=\"has-black-color has-text-color has-link-color wp-elements-e346c2d820b5fbe1d57521ce63a9c773\"><em>30. November 2022<\/em><\/p>\n\n\n\n<p class=\"has-black-color has-text-color has-link-color wp-elements-0ae927218b9c299f4156ab5571407c32\"><em>Die Geschichte, die ich dir erz\u00e4hlen werde, ist wahr. Sie ist so wahr wie die Tatsache, dass sich unser Universum immer schneller ausdehnt, dass es einen Urknall gab oder dass schwarze L\u00f6cher irgendwann einmal durch die Hawking-Strahlung verdampfen werden. Um das \u00fcberpr\u00fcfen zu k\u00f6nnen, musst du allerdings noch ziemlich lange warten, ungef\u00e4hr 10 hoch 80 mal l\u00e4nger als das Universum alt ist. Viel besser sieht es auch nicht mit der \u00dcberpr\u00fcfung des Urknalls oder der Ausdehnung des Universums aus, deshalb schlage ich vor, du glaubst sie mir einfach. Es wird dir umso schwerer fallen, wenn ich dir sage, dass sie mir in der Zukunft passiert ist. Ja, morgen wird sie beginnen. Doch ich habe sie schon erlebt, sonst w\u00fcrde ich dir heute, am 30. November 2022 ja gar nicht erz\u00e4hlen k\u00f6nnen, was ich morgen, am 1. Dezember 2022 erlebt habe.<\/em><\/p>\n\n\n\n<p class=\"has-black-color has-text-color has-link-color wp-elements-802ab5bed0e049676ea0244ad9429cce\"><em>Vielleicht wirst du jetzt denken: \u201eAusgerechnet noch eine Aufgabe in dieser so stressigen Vorweihnachtszeit! Wann soll ich denn jetzt noch diese Geschichte lesen? Ich habe doch gar keine Zeit daf\u00fcr.\u201c Doch ich versichere dir, du brauchst nur wenige Minuten am Tag, denn es ist ein Adventskalender und so lies einfach nur die Seiten, die dem aktuellen Datum entsprechen. So wie du bei einem Schokoladenadventskalender doch bestimmt immer nur die Schokolade f\u00fcr das g\u00fcltige Datum herausnaschst, oder etwa nicht? Wie w\u00e4re es denn, wenn du diese Geschichte jeden Abend im Bett lesen w\u00fcrdest. So wie fr\u00fcher als Kind, als es noch nicht Handys und Laptops gab und man heimlich mit der Taschenlampe unter der Bettdecke B\u00fccher gelesen hat. Das k\u00f6nntest du doch ausprobieren! Und das Sch\u00f6nste ist, du brauchst es nicht mehr heimlich zu machen und wahrscheinlich ben\u00f6tigst du noch nicht einmal eine Taschenlampe daf\u00fcr.<\/em><\/p>\n\n\n\n<p class=\"has-black-color has-text-color has-link-color wp-elements-9b85cbfab8d2542fe589dd5a198efae7\"><em>Am Ende meiner Geschichte werde ich dir die geheime Mission verraten, die Adoras auf unserer Erde erf\u00fcllen sollte. Dazu z\u00e4hlen auch einige Datenerhebungen, also bitte ich dich, f\u00fcr die Wissenschaft und den Fortbestand unseres Universums ab und zu ein paar kleine Sachen aufzuschreiben. Daf\u00fcr kannst du den weihnachtlichen Zuckerstangen-Kuli benutzen. Ich vermute aber, dass es dir selbst auch etwas bringen wird, denn manchmal tut es gut, sich zu erinnern.<\/em><\/p>\n\n\n\n<p class=\"has-black-color has-text-color has-link-color wp-elements-918324f0c1c0a5848c9397f37264b4dc\"><em>Ich habe dir sogar ein Lesezeichen dazugelegt. Das ist dein Talismann und er soll dir Gl\u00fcck bringen. Wenn du mit diesem \u201eDrachenauge\u201c in der Dunkelheit auf ein Licht, sagen wir eine Kerze, blickst, dann wirst du einen kleinen Einblick haben, wie ich die Welt sehe, seitdem mir Adoras begegnete. So wirst du nie vergessen, dass, egal wie dunkel es ist, immer irgendwo ein Licht strahlt. Und dass die Dinge oft nicht so sind, wie sie scheinen. Dass in allem ein Regenbogen steckt. Und vor allem, dass du selbst das sch\u00f6nste Licht von allem bist, du wei\u00dft es nur noch nicht. Doch ich kann es sehen.<\/em><\/p>\n\n\n\n<p class=\"has-black-color has-text-color has-link-color wp-elements-b22c2082ce258004b0d1f7459798bf47\"><em>Und nun w\u00fcnsche ich dir eine wundervolle Vorweihnachtszeit voller Gem\u00fctlichkeit, Freude, Besinnlichkeit und Liebe.<\/em><\/p>\n\n\n\n<p class=\"has-black-color has-text-color has-link-color wp-elements-308c0ce0a08446a90c04ddbdfd8cffb3\">I<\/p>\n\n\n<div class=\"wp-block-image\">\n<figure class=\"aligncenter size-large is-resized\"><img loading=\"lazy\" decoding=\"async\" width=\"1024\" height=\"682\" src=\"https:\/\/christiane-seebach.de\/wp-content\/uploads\/2023\/11\/Christianes-Adventskalender2023-1024x682.jpg\" alt=\"\" class=\"wp-image-508\" style=\"width:840px;height:auto\" srcset=\"https:\/\/christiane-seebach.de\/wp-content\/uploads\/2023\/11\/Christianes-Adventskalender2023-1024x682.jpg 1024w, https:\/\/christiane-seebach.de\/wp-content\/uploads\/2023\/11\/Christianes-Adventskalender2023-300x200.jpg 300w, https:\/\/christiane-seebach.de\/wp-content\/uploads\/2023\/11\/Christianes-Adventskalender2023-768x512.jpg 768w, https:\/\/christiane-seebach.de\/wp-content\/uploads\/2023\/11\/Christianes-Adventskalender2023.jpg 1280w\" sizes=\"auto, (max-width: 1024px) 100vw, 1024px\" \/><figcaption class=\"wp-element-caption\"><strong>Die Vorderseite meines Adventskalenders 2023.<\/strong><\/figcaption><\/figure>\n<\/div>\n\n<div class=\"wp-block-image\">\n<figure class=\"aligncenter size-large\"><img loading=\"lazy\" decoding=\"async\" width=\"1024\" height=\"662\" src=\"https:\/\/christiane-seebach.de\/wp-content\/uploads\/2023\/11\/Du-bist-ein-Wunder-1024x662.jpg\" alt=\"\" class=\"wp-image-513\" srcset=\"https:\/\/christiane-seebach.de\/wp-content\/uploads\/2023\/11\/Du-bist-ein-Wunder-1024x662.jpg 1024w, https:\/\/christiane-seebach.de\/wp-content\/uploads\/2023\/11\/Du-bist-ein-Wunder-300x194.jpg 300w, https:\/\/christiane-seebach.de\/wp-content\/uploads\/2023\/11\/Du-bist-ein-Wunder-768x497.jpg 768w, https:\/\/christiane-seebach.de\/wp-content\/uploads\/2023\/11\/Du-bist-ein-Wunder.jpg 1280w\" sizes=\"auto, (max-width: 1024px) 100vw, 1024px\" \/><figcaption class=\"wp-element-caption\"><strong>R\u00fcckseite meines Adventskalenders 2023.<\/strong><\/figcaption><\/figure>\n<\/div>\n\n\n<p class=\"has-black-color has-text-color has-link-color wp-elements-39de323f17ab5e133e29ce55a26ac557\">m Adventskalender 2023 ist Adoras zur\u00fcckgekommen, weil er Weihnachten aus den Augen von Menschen auf der ganzen Welt kennenlernen m\u00f6chte. Das geht von Kongo und Sierra Leone \u00fcber Neuseeland, D\u00e4nemark, Island, Sierra Leone, Kolumbien und viele mehr. Sogar auf der Raumstation ISS und der Neymeier-Forschungsstation in der Antarktis werden wir Weihnachten feiern.<\/p>\n\n\n\n<p class=\"has-black-color has-text-color has-link-color wp-elements-6541ff1d97c9e9e39a6f1117f2a2ed80\">Leseprobe:<\/p>\n\n\n\n<p class=\"has-black-color has-text-color has-link-color wp-elements-b97fe5a60dd1d1cf10fdcab6ed691de2\"><em>6. Dezember<\/em><\/p>\n\n\n\n<p class=\"has-black-color has-text-color has-link-color wp-elements-d98e5582b91f346c21825d5511be9f8e\"><em>\u201eGuten Morgen, heute ist Mittwoch, der 6. Dezember. Nikolaus!\u201c Zwei Stimmen gleichzeitig weckten mich. Doch da ich wusste, dass Adoras, nun in der Gestalt von Ada, sehr gern scherzte, machte ich mir keine allzu gro\u00dfen Sorgen darum. Irgendwie hatte er Alexa so programmiert, dass sie alles sagte, was er wollte. Er konnte in Gedanken mit ihr kommunizieren. \u201eGuten Morgen, Scherzkeks\u201c, entgegnete ich verschlafen. \u201eSag mal, in welchen L\u00e4ndern wird eigentlich noch Nikolaus gefeiert? Oder ist das nur eine rein deutsche Tradition?\u201c Die doppelte Stimme antwortete mir: \u201eZum Beispiel in Frankreich&#8230;\u201c Adoras schien sich einen Spa\u00df zu machen, denn mit einem Male antworteten Alexa, Adoras und Ada im Wechsel und mit verschiedenen Stimmen: \u201e&#8230;den Niederlanden, \u00d6sterreich, der Schweiz, den USA, Russland, der T\u00fcrkei, Finnland, Polen, Luxemburg, Rum\u00e4nien&#8230;\u201c \u201eH\u00f6rt auf!\u201c, rief ich. \u201eIhr macht mich ja v\u00f6llig wuschig! Ich h\u00e4tte allerdings nie gedacht, in wie vielen L\u00e4ndern Nikolaus gefeiert wird.\u201c \u201eNa dann, reisen wir doch gleich mal in eines\u201c, sagte nun wieder mit einer Stimme die v\u00f6llig fr\u00f6hliche Ada, \u201eallerdings w\u00fcrde ich gern noch fr\u00fchst\u00fccken und ein paar Weihnachtspl\u00e4tzchen w\u00e4ren auch nicht schlecht.\u201c \u201eJa, ja, ich lasse mich ja schon bestechen\u201c, entgegnete ich lachend, \u201eaber dann geht\u2019s endlich los.\u201c Nach einem k\u00f6stlichen Nikolausfr\u00fchst\u00fcck schloss ich die Augen und wieder hob es mich in die L\u00fcfte. Es wurde immer k\u00e4lter und als ich die Augen \u00f6ffnete, schneite es. Die dicken Schneeflocken tanzten wie herrliche Kristalle durch die Luft und zogen den entfernten Bergen glitzernde wei\u00dfe M\u00e4ntel an. Ich fror nicht, denn ich war in einen dicken Mantel geh\u00fcllt und der Schnee knirschte unter meinen Fellstiefeln. Dunkel war es an den Bergen, der 24. Dezember war gerade mal wenige Minuten alt. In B\u00e2rsana, unserem Dorf jedoch, war es so hell wie nie zuvor im Jahr. \u00dcberall strahlten die hell erleuchteten, \u00fcppig geschm\u00fcckten Weihnachtsb\u00e4ume um die Wette. Alle meine Nachbarn waren um diese Zeit drau\u00dfen, denn unser \u201eCr\u0103ciun\u201c, das Weihnachtsfest war das wichtigste Fest des Jahres und es begann genau jetzt, kurz nach Mitternacht. In der Luft lag ein herrlicher Duft von Kaminfeuer und die sch\u00f6nen Weihnachtsges\u00e4nge erf\u00fcllten mein Herz mit Freude. Ich stand an unserer kleinen Holzkirche und suchte nach meiner dreij\u00e4hrigen Schwester. \u201eWo bist du, Andrada?\u201c, rief ich in einem breiten rum\u00e4nischen Dialekt. Andrada konnte es nicht erwarten, mit uns allen das Weihnachtsfest einzul\u00e4uten. Den ganzen Abend hatte sie versucht, nicht einzuschlafen und als die Kirchenglocke 12 Mal schlug, war sie voller Freude in den Schnee hinausgelaufen. \u201eCiprian, Bruderherz, hier bin ich\u201c, kicherte es hinter einem bunten Tannenbaum. Mir fiel ein Stein vom Herzen. \u201eCiprian, wann darf ich endlich singen?\u201c \u201eErst heute Abend, Schwesterherz\u201c, antwortete ich. Dann ging ich mit ihr ins mollige Haus, in dem der Kamin wohlig prasselte. \u201eKomm, setz dich\u201c, sagte ich zu ihr, denn sie war traurig, \u201eich erz\u00e4hle dir, was wir an Heiligabend machen werden, doch dann musst du versprechen, dass du noch etwas schl\u00e4fst.\u201c \u201eIch will aber wach bleiben\u201c, antwortete sie trotzig. Als sie sich neben mich auf die Holzbank setzte und ihren Kopf an meine Schulter lehnte, wusste ich, dass sie bald friedlich schlafen w\u00fcrde. \u201eWie du wei\u00dft, Andrada\u201c, begann ich, \u201elassen ab heute alle Rum\u00e4nen ihre Tore weit offen, damit die Colindatori hineinkommen und Weihnachtslieder singen k\u00f6nnen. Du darfst zum ersten Mal dabei sein, doch keine Angst, ich besch\u00fctze dich. Immerhin bin ich schon 10, also fast erwachsen. Es wird allerdings sehr anstrengend f\u00fcr uns singende Kinder, denn wir werden dies bis in die fr\u00fchen Morgenstunden hinein tun. Du musst dich warm anziehen und du darfst meinen Wanderstock benutzen. Und vergiss nicht, die Stofftasche um die Schultern zu h\u00e4ngen, damit dir die Gastgeber Brezel, N\u00fcsse, \u00c4pfel und warmen Nusskuchen hineintun k\u00f6nnen. Manchmal gibt es sogar Geld. Eine Pause machen wir nat\u00fcrlich, denn es ist enorm wichtig, in die Kirche zu gehen. Und denk daran, wir fasten streng bis wir den ersten Abendstern sehen. Doch das haben wir ja jetzt 40 Tage lang ge\u00fcbt und nur sehr wenig vegetarische Sachen gegessen, damit wir uns auf das Fest vorbereiten k\u00f6nnen. Aber am Abend wird es Wurstarten mit sauren Beilagen, Kohlrouladen, ger\u00e4uchertes Fleisch, Reis, in Sauerkraut-Bl\u00e4tter eingewickelte Zwiebeln, Schwein, Gans, Pute und verschiedenes Geb\u00e4ck geben. Dann feiern wir 3 Tage lang mit all unseren Verwandten und Bekannten und werden ganz viele Weihnachtslieder singen. Andrada?\u201c Doch Andrada atmete tief und leise trug ich sie in die Kammer, legte sie in ihr Bettchen und voller Vorfreude fiel ich selbst in einen tiefen Schlaf.<\/em><\/p>\n","protected":false},"excerpt":{"rendered":"<p>Trix W\u00fchnix Triologie Als ich an einer Geh\u00f6rlosenschule arbeitete, bemerkte ich, wie schwer es den Kindern fiel, so etwas Abstraktes wie die analoge Uhrzeit zu lernen. Ich entwickelte eine Regenwurm-Figur &#8222;Trix W\u00fchlnix&#8220;. Mein Freund und Illustrator Dirk Wahren zeichnete wunderbare Arbeitsbl\u00e4tter, auf welchem Trix den Sch\u00fclerInnen die Uhrzeit beibringt. Das kam so gut an, dass&hellip; <br \/> <a class=\"read-more\" href=\"https:\/\/christiane-seebach.de\/?page_id=173\">Weiterlesen<\/a><\/p>\n","protected":false},"author":1,"featured_media":0,"parent":131,"menu_order":0,"comment_status":"closed","ping_status":"closed","template":"","meta":{"footnotes":""},"class_list":["post-173","page","type-page","status-publish","hentry"],"_links":{"self":[{"href":"https:\/\/christiane-seebach.de\/index.php?rest_route=\/wp\/v2\/pages\/173","targetHints":{"allow":["GET"]}}],"collection":[{"href":"https:\/\/christiane-seebach.de\/index.php?rest_route=\/wp\/v2\/pages"}],"about":[{"href":"https:\/\/christiane-seebach.de\/index.php?rest_route=\/wp\/v2\/types\/page"}],"author":[{"embeddable":true,"href":"https:\/\/christiane-seebach.de\/index.php?rest_route=\/wp\/v2\/users\/1"}],"replies":[{"embeddable":true,"href":"https:\/\/christiane-seebach.de\/index.php?rest_route=%2Fwp%2Fv2%2Fcomments&post=173"}],"version-history":[{"count":15,"href":"https:\/\/christiane-seebach.de\/index.php?rest_route=\/wp\/v2\/pages\/173\/revisions"}],"predecessor-version":[{"id":693,"href":"https:\/\/christiane-seebach.de\/index.php?rest_route=\/wp\/v2\/pages\/173\/revisions\/693"}],"up":[{"embeddable":true,"href":"https:\/\/christiane-seebach.de\/index.php?rest_route=\/wp\/v2\/pages\/131"}],"wp:attachment":[{"href":"https:\/\/christiane-seebach.de\/index.php?rest_route=%2Fwp%2Fv2%2Fmedia&parent=173"}],"curies":[{"name":"wp","href":"https:\/\/api.w.org\/{rel}","templated":true}]}}