{"id":142,"date":"2023-11-12T18:10:07","date_gmt":"2023-11-12T18:10:07","guid":{"rendered":"https:\/\/christianeseebach.magisterwigbold.de\/?page_id=142"},"modified":"2024-11-24T16:24:54","modified_gmt":"2024-11-24T16:24:54","slug":"unvuhk","status":"publish","type":"page","link":"https:\/\/christiane-seebach.de\/?page_id=142","title":{"rendered":"Unvuhk"},"content":{"rendered":"\n<p class=\"has-black-color has-text-color has-link-color wp-elements-342eb1a6d198d19aa9b1aea0e06e4c4f\">Nach Calamus wollte ich nie wieder Mittelaltermusik machen. Es war wundervoll, doch es war nach 7 Jahren irgendwann zuviel. Meine Dudels\u00e4cke haben nur 9 T\u00f6ne und eine Tonart, inklusive Paralleltonart. Es kam mir vor, als h\u00e4tte ich schon alles gespielt und alles geh\u00f6rt. Ich strebe immer nach Neuem.<\/p>\n\n\n\n<p class=\"has-black-color has-text-color has-link-color wp-elements-dfad02f4cd8e349be99602540d15f34f\">Doch dann kam ein runder Geburtstag &#8211; meiner. Und ich wollte ein mittelalterliches Festmahl mit Musik, Schauspiel und Ritterspielen organisieren. So entstand meine mittelalterliche Band Unvuhk. Ich spielte Dudels\u00e4cke, Drehleiern, Schalmeien, Krummhorn, Gemshorn und sang zusammen mit: Hannes Petersen (Gesang, Geierleier), Andreas Steinhardt (Gesang, Laute, Geierleier) und Dirk Hansen (Gesang, Landsknechtstrommel). Sp\u00e4ter wechselte die Besetzung und es spielten mit: Inga Marie Ke\u00dfler (Gesang, Fl\u00f6ten), Stefan Ke\u00dfler (Gesang, Landsknechtstrommel), Malte Tagtr\u00e4umer (Gesang, Gitarre, Landsknechtstrommel) und Frank Altpeter (Gesang, Trommeln).<\/p>\n\n\n\n<p class=\"has-black-color has-text-color has-link-color wp-elements-e930013a412f593ee5beaa7b1dfc73c7\">Bei diesem einen Auftritt blieb es nicht und wir bekamen sch\u00f6ne Auftritte auf Mittelalterfesten, in Altersheimen und auf Burgen. Manchmal treten wir noch zu bestimmten Anl\u00e4ssen auf.<\/p>\n\n\n<div class=\"wp-block-image is-style-rounded\">\n<figure class=\"aligncenter size-large\"><img loading=\"lazy\" decoding=\"async\" width=\"1024\" height=\"683\" src=\"https:\/\/christiane-seebach.de\/wp-content\/uploads\/2023\/11\/Unvuhk1-1-1024x683.jpg\" alt=\"Unvuhk Bild, Frank, Christiane, Stoni, Malte von links nach rechts\" class=\"wp-image-408\" srcset=\"https:\/\/christiane-seebach.de\/wp-content\/uploads\/2023\/11\/Unvuhk1-1-1024x683.jpg 1024w, https:\/\/christiane-seebach.de\/wp-content\/uploads\/2023\/11\/Unvuhk1-1-300x200.jpg 300w, https:\/\/christiane-seebach.de\/wp-content\/uploads\/2023\/11\/Unvuhk1-1-768x512.jpg 768w, https:\/\/christiane-seebach.de\/wp-content\/uploads\/2023\/11\/Unvuhk1-1-1536x1024.jpg 1536w, https:\/\/christiane-seebach.de\/wp-content\/uploads\/2023\/11\/Unvuhk1-1-1620x1080.jpg 1620w, https:\/\/christiane-seebach.de\/wp-content\/uploads\/2023\/11\/Unvuhk1-1.jpg 2048w\" sizes=\"auto, (max-width: 1024px) 100vw, 1024px\" \/><figcaption class=\"wp-element-caption\"><strong>Unvuhk in der Besetzung: Frank Altpeter, Christiane Seebach, Andreas Steinhardt, Malte Tagtr\u00e4umer.<\/strong><\/figcaption><\/figure>\n<\/div>\n\n\n<p><\/p>\n","protected":false},"excerpt":{"rendered":"<p>Nach Calamus wollte ich nie wieder Mittelaltermusik machen. Es war wundervoll, doch es war nach 7 Jahren irgendwann zuviel. Meine Dudels\u00e4cke haben nur 9 T\u00f6ne und eine Tonart, inklusive Paralleltonart. Es kam mir vor, als h\u00e4tte ich schon alles gespielt und alles geh\u00f6rt. Ich strebe immer nach Neuem. Doch dann kam ein runder Geburtstag &#8211;&hellip; <br \/> <a class=\"read-more\" href=\"https:\/\/christiane-seebach.de\/?page_id=142\">Weiterlesen<\/a><\/p>\n","protected":false},"author":1,"featured_media":467,"parent":120,"menu_order":0,"comment_status":"closed","ping_status":"closed","template":"","meta":{"footnotes":""},"class_list":["post-142","page","type-page","status-publish","has-post-thumbnail","hentry"],"_links":{"self":[{"href":"https:\/\/christiane-seebach.de\/index.php?rest_route=\/wp\/v2\/pages\/142","targetHints":{"allow":["GET"]}}],"collection":[{"href":"https:\/\/christiane-seebach.de\/index.php?rest_route=\/wp\/v2\/pages"}],"about":[{"href":"https:\/\/christiane-seebach.de\/index.php?rest_route=\/wp\/v2\/types\/page"}],"author":[{"embeddable":true,"href":"https:\/\/christiane-seebach.de\/index.php?rest_route=\/wp\/v2\/users\/1"}],"replies":[{"embeddable":true,"href":"https:\/\/christiane-seebach.de\/index.php?rest_route=%2Fwp%2Fv2%2Fcomments&post=142"}],"version-history":[{"count":9,"href":"https:\/\/christiane-seebach.de\/index.php?rest_route=\/wp\/v2\/pages\/142\/revisions"}],"predecessor-version":[{"id":651,"href":"https:\/\/christiane-seebach.de\/index.php?rest_route=\/wp\/v2\/pages\/142\/revisions\/651"}],"up":[{"embeddable":true,"href":"https:\/\/christiane-seebach.de\/index.php?rest_route=\/wp\/v2\/pages\/120"}],"wp:featuredmedia":[{"embeddable":true,"href":"https:\/\/christiane-seebach.de\/index.php?rest_route=\/wp\/v2\/media\/467"}],"wp:attachment":[{"href":"https:\/\/christiane-seebach.de\/index.php?rest_route=%2Fwp%2Fv2%2Fmedia&parent=142"}],"curies":[{"name":"wp","href":"https:\/\/api.w.org\/{rel}","templated":true}]}}