{"id":141,"date":"2023-11-12T18:10:07","date_gmt":"2023-11-12T18:10:07","guid":{"rendered":"https:\/\/christianeseebach.magisterwigbold.de\/?page_id=141"},"modified":"2024-11-24T16:19:26","modified_gmt":"2024-11-24T16:19:26","slug":"holz-stein-christall","status":"publish","type":"page","link":"https:\/\/christiane-seebach.de\/?page_id=141","title":{"rendered":"Holz Stein Christall"},"content":{"rendered":"\n<p class=\"has-black-color has-text-color has-link-color wp-elements-7b5553d4cdd6d7d2d63456027ac21fbd\">Unsere Band Holz Stein Christall gr\u00fcndeten wir auf dem &#8222;No-Mobbing-Festival&#8220;. Dort sangen meine wunderbaren Seelenverwandten und gro\u00dfartigen Musiker Wolfgang Holz, Andreas Steinhardt und ich unsere eigenen Songs. Wir fanden, dass diese und wir hervorragend zusammen passten.<\/p>\n\n\n\n<p class=\"has-black-color has-text-color has-link-color wp-elements-5fa7f78ab7ff650478ddceb1e072fc6d\">Einige erfolgreiche Auftritte hatten wir unter anderem auf der &#8222;LiederReisen-Hut ab&#8220;-Tour, organisiert von Eric Fish (Subway To Sally), im Werk 3 in Schwerin und in K\u00f6nigs Wusterhausen, au\u00dferdem spielten wir auf kleineren B\u00fchnen auf verschiedenen Veranstaltungen.<\/p>\n\n\n<div class=\"wp-block-image\">\n<figure class=\"aligncenter size-full is-resized\"><img loading=\"lazy\" decoding=\"async\" width=\"720\" height=\"960\" src=\"https:\/\/christiane-seebach.de\/wp-content\/uploads\/2023\/11\/HolzSteinChristall1.jpg\" alt=\"Holz Stein Christall in Wismar\" class=\"wp-image-322\" style=\"width:720px;height:auto\" srcset=\"https:\/\/christiane-seebach.de\/wp-content\/uploads\/2023\/11\/HolzSteinChristall1.jpg 720w, https:\/\/christiane-seebach.de\/wp-content\/uploads\/2023\/11\/HolzSteinChristall1-225x300.jpg 225w\" sizes=\"auto, (max-width: 720px) 100vw, 720px\" \/><\/figure>\n<\/div>\n\n\n<p><\/p>\n\n\n\n<p><\/p>\n\n\n\n<figure class=\"wp-block-embed is-type-video is-provider-youtube wp-block-embed-youtube wp-embed-aspect-16-9 wp-has-aspect-ratio\"><div class=\"wp-block-embed__wrapper\">\n<div class='embed-container'><iframe loading=\"lazy\" title=\"Holz-Stein-Christall: Saugreflex\" width=\"1920\" height=\"1080\" src=\"https:\/\/www.youtube.com\/embed\/S7_GqwvKq1A?feature=oembed\" frameborder=\"0\" allow=\"accelerometer; autoplay; clipboard-write; encrypted-media; gyroscope; picture-in-picture; web-share\" allowfullscreen><\/iframe><\/div>\n<\/div><figcaption class=\"wp-element-caption\">Mein Lied &#8222;Saugreflex&#8220; gespielt von Holz Stein Christall.<\/figcaption><\/figure>\n\n\n\n<figure class=\"wp-block-embed is-type-video is-provider-youtube wp-block-embed-youtube wp-embed-aspect-16-9 wp-has-aspect-ratio\"><div class=\"wp-block-embed__wrapper\">\n<div class='embed-container'><iframe loading=\"lazy\" title=\"Holz-Stein-Christall &quot;Was ist blo\u00df los&quot;\" width=\"1920\" height=\"1080\" src=\"https:\/\/www.youtube.com\/embed\/h2UYLwdqKA4?feature=oembed\" frameborder=\"0\" allow=\"accelerometer; autoplay; clipboard-write; encrypted-media; gyroscope; picture-in-picture; web-share\" allowfullscreen><\/iframe><\/div>\n<\/div><figcaption class=\"wp-element-caption\">Holz Stein Christall spielen Holz&#8216; Song: &#8222;Was ist blo\u00df los?&#8220;<\/figcaption><\/figure>\n\n\n\n<figure class=\"wp-block-embed is-type-video is-provider-youtube wp-block-embed-youtube wp-embed-aspect-16-9 wp-has-aspect-ratio\"><div class=\"wp-block-embed__wrapper\">\n<div class='embed-container'><iframe loading=\"lazy\" title=\"Holz-Stein-Christall &quot;Wie ein Idiot &quot;\" width=\"1920\" height=\"1080\" src=\"https:\/\/www.youtube.com\/embed\/-_CVlV-ETxE?feature=oembed\" frameborder=\"0\" allow=\"accelerometer; autoplay; clipboard-write; encrypted-media; gyroscope; picture-in-picture; web-share\" allowfullscreen><\/iframe><\/div>\n<\/div><figcaption class=\"wp-element-caption\">Holz Stein Christall spielen Stonis Song &#8222;Wie ein Idiot&#8220;.<\/figcaption><\/figure>\n\n\n\n<p class=\"has-black-color has-text-color has-link-color wp-elements-6aab507168b9e192f68740035d237b04\">Holz und ich waren manchmal auch zu zweit unterwegs, genauso Stoni und ich und Holz und Stoni. Am besten sind wir nat\u00fcrlich zu dritt. <\/p>\n\n\n<div class=\"wp-block-image\">\n<figure class=\"aligncenter size-full is-resized\"><img loading=\"lazy\" decoding=\"async\" width=\"640\" height=\"400\" src=\"https:\/\/christiane-seebach.de\/wp-content\/uploads\/2023\/11\/HolzSteinChristall3.jpg\" alt=\"\" class=\"wp-image-329\" style=\"width:882px;height:auto\" srcset=\"https:\/\/christiane-seebach.de\/wp-content\/uploads\/2023\/11\/HolzSteinChristall3.jpg 640w, https:\/\/christiane-seebach.de\/wp-content\/uploads\/2023\/11\/HolzSteinChristall3-300x188.jpg 300w\" sizes=\"auto, (max-width: 640px) 100vw, 640px\" \/><\/figure>\n<\/div>","protected":false},"excerpt":{"rendered":"<p>Unsere Band Holz Stein Christall gr\u00fcndeten wir auf dem &#8222;No-Mobbing-Festival&#8220;. Dort sangen meine wunderbaren Seelenverwandten und gro\u00dfartigen Musiker Wolfgang Holz, Andreas Steinhardt und ich unsere eigenen Songs. Wir fanden, dass diese und wir hervorragend zusammen passten. Einige erfolgreiche Auftritte hatten wir unter anderem auf der &#8222;LiederReisen-Hut ab&#8220;-Tour, organisiert von Eric Fish (Subway To Sally), im&hellip; <br \/> <a class=\"read-more\" href=\"https:\/\/christiane-seebach.de\/?page_id=141\">Weiterlesen<\/a><\/p>\n","protected":false},"author":1,"featured_media":323,"parent":120,"menu_order":3,"comment_status":"closed","ping_status":"closed","template":"","meta":{"footnotes":""},"class_list":["post-141","page","type-page","status-publish","has-post-thumbnail","hentry"],"_links":{"self":[{"href":"https:\/\/christiane-seebach.de\/index.php?rest_route=\/wp\/v2\/pages\/141","targetHints":{"allow":["GET"]}}],"collection":[{"href":"https:\/\/christiane-seebach.de\/index.php?rest_route=\/wp\/v2\/pages"}],"about":[{"href":"https:\/\/christiane-seebach.de\/index.php?rest_route=\/wp\/v2\/types\/page"}],"author":[{"embeddable":true,"href":"https:\/\/christiane-seebach.de\/index.php?rest_route=\/wp\/v2\/users\/1"}],"replies":[{"embeddable":true,"href":"https:\/\/christiane-seebach.de\/index.php?rest_route=%2Fwp%2Fv2%2Fcomments&post=141"}],"version-history":[{"count":12,"href":"https:\/\/christiane-seebach.de\/index.php?rest_route=\/wp\/v2\/pages\/141\/revisions"}],"predecessor-version":[{"id":645,"href":"https:\/\/christiane-seebach.de\/index.php?rest_route=\/wp\/v2\/pages\/141\/revisions\/645"}],"up":[{"embeddable":true,"href":"https:\/\/christiane-seebach.de\/index.php?rest_route=\/wp\/v2\/pages\/120"}],"wp:featuredmedia":[{"embeddable":true,"href":"https:\/\/christiane-seebach.de\/index.php?rest_route=\/wp\/v2\/media\/323"}],"wp:attachment":[{"href":"https:\/\/christiane-seebach.de\/index.php?rest_route=%2Fwp%2Fv2%2Fmedia&parent=141"}],"curies":[{"name":"wp","href":"https:\/\/api.w.org\/{rel}","templated":true}]}}