{"id":139,"date":"2023-11-12T18:10:07","date_gmt":"2023-11-12T18:10:07","guid":{"rendered":"https:\/\/christianeseebach.magisterwigbold.de\/?page_id=139"},"modified":"2024-11-24T16:16:08","modified_gmt":"2024-11-24T16:16:08","slug":"calamus","status":"publish","type":"page","link":"https:\/\/christiane-seebach.de\/?page_id=139","title":{"rendered":"Calamus"},"content":{"rendered":"\n<p class=\"has-black-color has-text-color has-link-color wp-elements-e1beba2a57864e12dd472b7ef57ab261\">Die beste Mittelalterband, die ich je hatte, hie\u00df Calamus. Wir waren 4-8 MusikerInnen in wechselnder Besetzung. Wir spielten zum Schluss zweimal in der Woche zum Ritteressen auf vielen Burgen und Schl\u00f6ssern (das gestalteten wir zum Schluss fast allein mit Musik, T\u00e4nzen, Tischsitten, Ritterpr\u00fcfungen) und an den Wochenenden waren Mittelalterm\u00e4rkte angesagt. Wir hatten ein riesiges, buntes Programm mit herrlichen Satzges\u00e4ngen und Instrumentalst\u00fccken. Ein Highlight war unser Theaterst\u00fcck von Hans Sachs: &#8222;Der b\u00f6se Rauch&#8220;. Das war \u00fcbrigens auch der Grund, warum ich Schauspielunterricht nahm. Ich wollte das &#8222;b\u00f6se Weib&#8220; richtig gut spielen. Ein anderes Highlight war unsere Tour durch den Harz, nur mit Mittelalterklamotten, einem kleinen Pferd und einer Kutsche. Wir schliefen 2 Wochen lang im Wald (das ist eisekalt, da hilft der w\u00e4rmste Schlafsack nichts) und lebten von Waldfr\u00fcchten und dem, was wir auf unserer Reise mit spontanen Auftritten verdienten (das war ganz sch\u00f6n viel, die Leute waren begeistert). Doch wir waren zu zehnt losgefahren und zum gro\u00dfen Abschlusskonzert in Thale hatten es nur noch 4 geschafft.<\/p>\n\n\n\n<p class=\"has-black-color has-text-color has-link-color wp-elements-284c94b37d6c00a500c9d0549e0cea3c\">Es war eine wilde, leidenschaftliche gro\u00dfartige Zeit, in der auch eine CD &#8222;Revertimur&#8220; (mit Jonas Springer: Gitarre, Percussion, Gesang; Frank Schl\u00fcter: Mandoline, Landsknechtstrommel, Gesang; Andreas Reich: Violine, Gesang und mir: Krummhorn, Drehleier, Fl\u00f6ten, Gesang). Doch nach 7 Jahren war es mir zuviel. Ich konnte die Dudelsackkl\u00e4nge nicht mehr h\u00f6ren und wollte Neues erschlie\u00dfen, wie die Progrockmusik oder Singer\/Songwriting.<\/p>\n\n\n\n<p class=\"has-black-color has-text-color has-link-color wp-elements-838e95db35d7aeb122a8621dc28b9005\">Ganz weg komme ich allerdings nicht vom Mittelalter. Mein neuestes Theaterst\u00fcck, an welchem ich gerade arbeite, handelt davon.<\/p>\n\n\n<div class=\"wp-block-image\">\n<figure class=\"aligncenter size-full is-resized\"><img loading=\"lazy\" decoding=\"async\" width=\"716\" height=\"849\" src=\"https:\/\/christiane-seebach.de\/wp-content\/uploads\/2023\/11\/Calamus2.jpg\" alt=\"\" class=\"wp-image-497\" style=\"width:716px;height:auto\" srcset=\"https:\/\/christiane-seebach.de\/wp-content\/uploads\/2023\/11\/Calamus2.jpg 716w, https:\/\/christiane-seebach.de\/wp-content\/uploads\/2023\/11\/Calamus2-253x300.jpg 253w\" sizes=\"auto, (max-width: 716px) 100vw, 716px\" \/><figcaption class=\"wp-element-caption\"><strong>Calamus in der Besetzung: Jonas Springer, &#8222;Amsi&#8220; Jahn, Malte Georgi, Arne und mir.<\/strong><\/figcaption><\/figure>\n<\/div>\n\n<div class=\"wp-block-image\">\n<figure class=\"aligncenter size-large\"><img loading=\"lazy\" decoding=\"async\" width=\"637\" height=\"1024\" src=\"https:\/\/christiane-seebach.de\/wp-content\/uploads\/2023\/11\/Calamus-637x1024.jpg\" alt=\"\" class=\"wp-image-498\" srcset=\"https:\/\/christiane-seebach.de\/wp-content\/uploads\/2023\/11\/Calamus-637x1024.jpg 637w, https:\/\/christiane-seebach.de\/wp-content\/uploads\/2023\/11\/Calamus-187x300.jpg 187w, https:\/\/christiane-seebach.de\/wp-content\/uploads\/2023\/11\/Calamus-768x1234.jpg 768w, https:\/\/christiane-seebach.de\/wp-content\/uploads\/2023\/11\/Calamus-672x1080.jpg 672w, https:\/\/christiane-seebach.de\/wp-content\/uploads\/2023\/11\/Calamus.jpg 791w\" sizes=\"auto, (max-width: 637px) 100vw, 637px\" \/><figcaption class=\"wp-element-caption\"><strong>Mit Lars Haberland.<\/strong><\/figcaption><\/figure>\n<\/div>\n\n\n<p class=\"has-black-color has-text-color has-link-color wp-elements-c668974df9e2c43528e363aed3546271\">In Calamus spielten unter anderem: Malte Georgi (Gesang, Landsknechtstrommel), Lars Haberland (Gesang, Schalmei, Landsknechtstrommel), Andreas Reich (Gesang, Violine), Reinhardt Simmgen (Gesang, Violine, Schalmei), Tobias Herzfeld (Gesang, Violine), Uli Henze (Gesang, Schellen), Frank Schl\u00fcter (Gitarre, Mandoline, Gesang), Jonas Springer (Gesang, Gitarre), Franka (Nyckelharpa), Andreas Ilgenstein (Violine) und ich (Gesang, H\u00fcmmelchen, Sch\u00e4ferpfeife, Marktsack, Fl\u00f6ten, Gemsh\u00f6rner, Krummh\u00f6rner, Schalmeien und Drehleier). <\/p>\n\n\n<div class=\"wp-block-image\">\n<figure class=\"aligncenter size-full\"><img loading=\"lazy\" decoding=\"async\" width=\"627\" height=\"603\" src=\"https:\/\/christiane-seebach.de\/wp-content\/uploads\/2023\/11\/Calamus3.jpg\" alt=\"\" class=\"wp-image-499\" srcset=\"https:\/\/christiane-seebach.de\/wp-content\/uploads\/2023\/11\/Calamus3.jpg 627w, https:\/\/christiane-seebach.de\/wp-content\/uploads\/2023\/11\/Calamus3-300x289.jpg 300w\" sizes=\"auto, (max-width: 627px) 100vw, 627px\" \/><figcaption class=\"wp-element-caption\"><strong>Andi Reich, Lars Haberland, ich und Frank Schl\u00fcter.<\/strong><\/figcaption><\/figure>\n<\/div>\n\n<div class=\"wp-block-image\">\n<figure class=\"aligncenter size-full\"><img loading=\"lazy\" decoding=\"async\" width=\"861\" height=\"669\" src=\"https:\/\/christiane-seebach.de\/wp-content\/uploads\/2023\/11\/Der-boese-Rauch.jpg\" alt=\"\" class=\"wp-image-500\" srcset=\"https:\/\/christiane-seebach.de\/wp-content\/uploads\/2023\/11\/Der-boese-Rauch.jpg 861w, https:\/\/christiane-seebach.de\/wp-content\/uploads\/2023\/11\/Der-boese-Rauch-300x233.jpg 300w, https:\/\/christiane-seebach.de\/wp-content\/uploads\/2023\/11\/Der-boese-Rauch-768x597.jpg 768w\" sizes=\"auto, (max-width: 861px) 100vw, 861px\" \/><figcaption class=\"wp-element-caption\"><strong>Der b\u00f6se Rauch mit Frank Schl\u00fcter als Nachbaur.<\/strong><\/figcaption><\/figure>\n<\/div>\n\n\n<p><\/p>\n","protected":false},"excerpt":{"rendered":"<p>Die beste Mittelalterband, die ich je hatte, hie\u00df Calamus. Wir waren 4-8 MusikerInnen in wechselnder Besetzung. Wir spielten zum Schluss zweimal in der Woche zum Ritteressen auf vielen Burgen und Schl\u00f6ssern (das gestalteten wir zum Schluss fast allein mit Musik, T\u00e4nzen, Tischsitten, Ritterpr\u00fcfungen) und an den Wochenenden waren Mittelalterm\u00e4rkte angesagt. Wir hatten ein riesiges, buntes&hellip; <br \/> <a class=\"read-more\" href=\"https:\/\/christiane-seebach.de\/?page_id=139\">Weiterlesen<\/a><\/p>\n","protected":false},"author":1,"featured_media":641,"parent":120,"menu_order":5,"comment_status":"closed","ping_status":"closed","template":"","meta":{"footnotes":""},"class_list":["post-139","page","type-page","status-publish","has-post-thumbnail","hentry"],"_links":{"self":[{"href":"https:\/\/christiane-seebach.de\/index.php?rest_route=\/wp\/v2\/pages\/139","targetHints":{"allow":["GET"]}}],"collection":[{"href":"https:\/\/christiane-seebach.de\/index.php?rest_route=\/wp\/v2\/pages"}],"about":[{"href":"https:\/\/christiane-seebach.de\/index.php?rest_route=\/wp\/v2\/types\/page"}],"author":[{"embeddable":true,"href":"https:\/\/christiane-seebach.de\/index.php?rest_route=\/wp\/v2\/users\/1"}],"replies":[{"embeddable":true,"href":"https:\/\/christiane-seebach.de\/index.php?rest_route=%2Fwp%2Fv2%2Fcomments&post=139"}],"version-history":[{"count":10,"href":"https:\/\/christiane-seebach.de\/index.php?rest_route=\/wp\/v2\/pages\/139\/revisions"}],"predecessor-version":[{"id":642,"href":"https:\/\/christiane-seebach.de\/index.php?rest_route=\/wp\/v2\/pages\/139\/revisions\/642"}],"up":[{"embeddable":true,"href":"https:\/\/christiane-seebach.de\/index.php?rest_route=\/wp\/v2\/pages\/120"}],"wp:featuredmedia":[{"embeddable":true,"href":"https:\/\/christiane-seebach.de\/index.php?rest_route=\/wp\/v2\/media\/641"}],"wp:attachment":[{"href":"https:\/\/christiane-seebach.de\/index.php?rest_route=%2Fwp%2Fv2%2Fmedia&parent=139"}],"curies":[{"name":"wp","href":"https:\/\/api.w.org\/{rel}","templated":true}]}}