{"id":122,"date":"2023-11-12T17:03:28","date_gmt":"2023-11-12T17:03:28","guid":{"rendered":"https:\/\/christianeseebach.magisterwigbold.de\/?page_id=122"},"modified":"2024-11-24T15:50:54","modified_gmt":"2024-11-24T15:50:54","slug":"tante-tofu","status":"publish","type":"page","link":"https:\/\/christiane-seebach.de\/?page_id=122","title":{"rendered":"Tante Tofu"},"content":{"rendered":"\n<p class=\"has-text-align-left has-black-color has-text-color has-link-color wp-elements-369f19fadfe5fae223e044359badc6c7\">Tante Tofu ist meine Leidenschaft. Und Stonis. Gegr\u00fcndet haben wir uns, als wir 2009 zum allerersten Mal die Zappanale besuchten. Wir waren begeistert. Unser erster Auftritt mit unserem Rockoratorium &#8222;Carl Heinz&#8220; war 2 Jahre sp\u00e4ter dort. Es folgten weitere Auftritte mit GastmusikerInnen, T\u00e4nzerinnen, SchauspielerInnen und einem ganzen Chor, den MitNichten. Unser zweites Rockoratorium hie\u00df &#8222;Sauerkraut&#8220;. Sogar ein Theaterst\u00fcck &#8222;Am Tag, als Bach Frank Zappa traf&#8220;, zeigten wir dort und im darauffolgenden Jahr &#8222;The hidden scenes&#8220; &#8211; immer mit gro\u00dfem Erfolg.<\/p>\n\n\n\n<p class=\"has-black-color has-text-color has-link-color wp-elements-a163c20f7df7809709a3034486ca4c61\">Wir sind schrill, wir sind bunt und unsere 7\/8-Takte haben so manchen Schlagzeuger vertrieben. Wir haben etliche Radiointerviews gef\u00fchrt, waren selbst GastmusikerInnen, z. B. bei der, von Kevin Crosby geleiteten internationalen Band Z.E.R.O. und eine CD ist auch im Anmarsch. <\/p>\n\n\n\n<p class=\"has-black-color has-text-color has-link-color wp-elements-2169992ce86593ebbd65ce299d8d1883\">Zur Zeit spielen bei Tante Tofu: Andreas Steinhardt (E-Gitarre, Gesang), Nigel Sherlock (Bassgitarre), Oliver Specht (Schlagzeug, Percussion) und ich (Windcontroller, Fl\u00f6ten, Gesang). F\u00fcr die Zappanale (2025) planen wir ein neues Spektakel. G\u00e4ste werden unsere wundervollen Freunde von der US-Progrock-Band &#8222;The Mofuglys&#8220;: Mary Amodea Welsh (Gesang, Ukulele) und Steve Welsh (Gesang, Synthesizer) sein. Wir harmonieren perfekt miteinander und hatten bereits einen kleinen Gastauftritt zusammen auf der Zappanale mit Kevin Crosby und Fred H\u00e4ndl. <\/p>\n\n\n<div class=\"wp-block-image\">\n<figure class=\"aligncenter size-large\"><img loading=\"lazy\" decoding=\"async\" width=\"683\" height=\"1024\" src=\"https:\/\/christiane-seebach.de\/wp-content\/uploads\/2023\/11\/TanteTofu8-683x1024.jpg\" alt=\"\" class=\"wp-image-348\" srcset=\"https:\/\/christiane-seebach.de\/wp-content\/uploads\/2023\/11\/TanteTofu8-683x1024.jpg 683w, https:\/\/christiane-seebach.de\/wp-content\/uploads\/2023\/11\/TanteTofu8-200x300.jpg 200w, https:\/\/christiane-seebach.de\/wp-content\/uploads\/2023\/11\/TanteTofu8-768x1152.jpg 768w, https:\/\/christiane-seebach.de\/wp-content\/uploads\/2023\/11\/TanteTofu8-1024x1536.jpg 1024w, https:\/\/christiane-seebach.de\/wp-content\/uploads\/2023\/11\/TanteTofu8-720x1080.jpg 720w, https:\/\/christiane-seebach.de\/wp-content\/uploads\/2023\/11\/TanteTofu8.jpg 1344w\" sizes=\"auto, (max-width: 683px) 100vw, 683px\" \/><\/figure>\n<\/div>\n\n\n<p><br><br><\/p>\n\n\n\n<figure class=\"wp-block-embed is-type-video is-provider-youtube wp-block-embed-youtube wp-embed-aspect-16-9 wp-has-aspect-ratio\"><div class=\"wp-block-embed__wrapper\">\n<div class='embed-container'><iframe loading=\"lazy\" title=\"Tante Tofu MitNichten @Zappanale29 - Latex Solar Beef (F. Zappa)\" width=\"1920\" height=\"1080\" src=\"https:\/\/www.youtube.com\/embed\/4J8ypm8mXWE?feature=oembed\" frameborder=\"0\" allow=\"accelerometer; autoplay; clipboard-write; encrypted-media; gyroscope; picture-in-picture; web-share\" referrerpolicy=\"strict-origin-when-cross-origin\" allowfullscreen><\/iframe><\/div>\n<\/div><figcaption class=\"wp-element-caption\"><strong>Zappas &#8222;Latex Solar Beef&#8220; auf der Zappanale, eingebettet in unser Rockoratorium &#8222;Sauerkraut&#8220;.<\/strong><\/figcaption><\/figure>\n\n\n\n<figure class=\"wp-block-embed aligncenter is-type-video is-provider-youtube wp-block-embed-youtube wp-embed-aspect-16-9 wp-has-aspect-ratio\"><div class=\"wp-block-embed__wrapper\">\n<div class='embed-container'><iframe loading=\"lazy\" title=\"Tante Tofu - Der Rubel Rollt\" width=\"1920\" height=\"1080\" src=\"https:\/\/www.youtube.com\/embed\/EdE2gnGb5j4?feature=oembed\" frameborder=\"0\" allow=\"accelerometer; autoplay; clipboard-write; encrypted-media; gyroscope; picture-in-picture; web-share\" referrerpolicy=\"strict-origin-when-cross-origin\" allowfullscreen><\/iframe><\/div>\n<\/div><figcaption class=\"wp-element-caption\"><strong>Stonis geniale Komposition &#8222;Der Rubel rollt&#8220; aus unserem aktuellen Programm &#8222;Sauerkraut&#8220;.<\/strong><\/figcaption><\/figure>\n\n\n\n<figure class=\"wp-block-embed aligncenter is-type-video is-provider-youtube wp-block-embed-youtube wp-embed-aspect-16-9 wp-has-aspect-ratio\"><div class=\"wp-block-embed__wrapper\">\n<div class='embed-container'><iframe loading=\"lazy\" title=\"Tante Tofu MitNichten @Zappanale29 - What&#039;s New In Baltimore? (F. Zappa)\" width=\"1920\" height=\"1080\" src=\"https:\/\/www.youtube.com\/embed\/nzOvXsq4n7E?feature=oembed\" frameborder=\"0\" allow=\"accelerometer; autoplay; clipboard-write; encrypted-media; gyroscope; picture-in-picture; web-share\" referrerpolicy=\"strict-origin-when-cross-origin\" allowfullscreen><\/iframe><\/div>\n<\/div><figcaption class=\"wp-element-caption\"><strong>Zappas &#8222;Whats New In Baltimore&#8220; aus unserem aktuellen Programm &#8222;Sauerkraut&#8220;.<\/strong><\/figcaption><\/figure>\n\n\n\n<figure class=\"wp-block-embed aligncenter is-type-video is-provider-youtube wp-block-embed-youtube wp-embed-aspect-16-9 wp-has-aspect-ratio\"><div class=\"wp-block-embed__wrapper\">\n<div class='embed-container'><iframe loading=\"lazy\" title=\"Tante Tofu: Du verstehst mich nicht (Live on Zappanale 2018)\" width=\"1920\" height=\"1080\" src=\"https:\/\/www.youtube.com\/embed\/-pNHJnf1UwM?feature=oembed\" frameborder=\"0\" allow=\"accelerometer; autoplay; clipboard-write; encrypted-media; gyroscope; picture-in-picture; web-share\" referrerpolicy=\"strict-origin-when-cross-origin\" allowfullscreen><\/iframe><\/div>\n<\/div><figcaption class=\"wp-element-caption\"><strong>&#8222;Du verstehst mich nicht&#8220; (Text und Komposition von Stoni) aus unserem Rockoratorium &#8222;Sauerkraut&#8220;.<\/strong><\/figcaption><\/figure>\n\n\n\n<figure class=\"wp-block-embed is-type-video is-provider-youtube wp-block-embed-youtube wp-embed-aspect-16-9 wp-has-aspect-ratio\"><div class=\"wp-block-embed__wrapper\">\n<div class='embed-container'><iframe loading=\"lazy\" title=\"Tante Tofu @Zappanale #22\" width=\"1920\" height=\"1080\" src=\"https:\/\/www.youtube.com\/embed\/EZTwnm8orGU?feature=oembed\" frameborder=\"0\" allow=\"accelerometer; autoplay; clipboard-write; encrypted-media; gyroscope; picture-in-picture; web-share\" referrerpolicy=\"strict-origin-when-cross-origin\" allowfullscreen><\/iframe><\/div>\n<\/div><figcaption class=\"wp-element-caption\"><strong>Die Zugabe bei unserem ersten Auftritt auf der Zappanale #22. Wir zeigten das Rockoratorium &#8222;Carl Heinz&#8220;. MusikerInnen: Andreas Steinhardt (E-Gitarre, Gesang), Dirk Hansen (Schlagzeug, Percussion, Gesang), Malte Tagtr\u00e4umer (Keyboards, Gesang), ich (Gesang, Windcontroller, Low- und TinWhistle), T\u00e4nzerinnen: Romi und Karina.<\/strong><\/figcaption><\/figure>\n\n\n\n<figure class=\"wp-block-embed aligncenter is-type-video is-provider-youtube wp-block-embed-youtube wp-embed-aspect-16-9 wp-has-aspect-ratio\"><div class=\"wp-block-embed__wrapper\">\n<div class='embed-container'><iframe loading=\"lazy\" title=\"Tante Tofu Premiere Part 1\" width=\"1920\" height=\"1080\" src=\"https:\/\/www.youtube.com\/embed\/S1C1TfciGxk?feature=oembed\" frameborder=\"0\" allow=\"accelerometer; autoplay; clipboard-write; encrypted-media; gyroscope; picture-in-picture; web-share\" referrerpolicy=\"strict-origin-when-cross-origin\" allowfullscreen><\/iframe><\/div>\n<\/div><figcaption class=\"wp-element-caption\"><strong>Ein Zusammenschnitt unseres ersten Auftrittes im BIB Hamburg, am Schlagzeug ist J\u00f6rn. Wir zeigten das Rockoratorium &#8222;Carl Heinz&#8220;.<\/strong><\/figcaption><\/figure>\n","protected":false},"excerpt":{"rendered":"<p>Tante Tofu ist meine Leidenschaft. Und Stonis. Gegr\u00fcndet haben wir uns, als wir 2009 zum allerersten Mal die Zappanale besuchten. Wir waren begeistert. Unser erster Auftritt mit unserem Rockoratorium &#8222;Carl Heinz&#8220; war 2 Jahre sp\u00e4ter dort. Es folgten weitere Auftritte mit GastmusikerInnen, T\u00e4nzerinnen, SchauspielerInnen und einem ganzen Chor, den MitNichten. Unser zweites Rockoratorium hie\u00df &#8222;Sauerkraut&#8220;.&hellip; <br \/> <a class=\"read-more\" href=\"https:\/\/christiane-seebach.de\/?page_id=122\">Weiterlesen<\/a><\/p>\n","protected":false},"author":1,"featured_media":345,"parent":120,"menu_order":2,"comment_status":"closed","ping_status":"closed","template":"","meta":{"footnotes":""},"class_list":["post-122","page","type-page","status-publish","has-post-thumbnail","hentry"],"_links":{"self":[{"href":"https:\/\/christiane-seebach.de\/index.php?rest_route=\/wp\/v2\/pages\/122","targetHints":{"allow":["GET"]}}],"collection":[{"href":"https:\/\/christiane-seebach.de\/index.php?rest_route=\/wp\/v2\/pages"}],"about":[{"href":"https:\/\/christiane-seebach.de\/index.php?rest_route=\/wp\/v2\/types\/page"}],"author":[{"embeddable":true,"href":"https:\/\/christiane-seebach.de\/index.php?rest_route=\/wp\/v2\/users\/1"}],"replies":[{"embeddable":true,"href":"https:\/\/christiane-seebach.de\/index.php?rest_route=%2Fwp%2Fv2%2Fcomments&post=122"}],"version-history":[{"count":18,"href":"https:\/\/christiane-seebach.de\/index.php?rest_route=\/wp\/v2\/pages\/122\/revisions"}],"predecessor-version":[{"id":630,"href":"https:\/\/christiane-seebach.de\/index.php?rest_route=\/wp\/v2\/pages\/122\/revisions\/630"}],"up":[{"embeddable":true,"href":"https:\/\/christiane-seebach.de\/index.php?rest_route=\/wp\/v2\/pages\/120"}],"wp:featuredmedia":[{"embeddable":true,"href":"https:\/\/christiane-seebach.de\/index.php?rest_route=\/wp\/v2\/media\/345"}],"wp:attachment":[{"href":"https:\/\/christiane-seebach.de\/index.php?rest_route=%2Fwp%2Fv2%2Fmedia&parent=122"}],"curies":[{"name":"wp","href":"https:\/\/api.w.org\/{rel}","templated":true}]}}